{"id":1432,"date":"2024-04-10T13:31:58","date_gmt":"2024-04-10T13:31:58","guid":{"rendered":"https:\/\/maua.g12.br\/site\/?page_id=1432"},"modified":"2024-07-17T13:44:05","modified_gmt":"2024-07-17T13:44:05","slug":"blog-do-maua","status":"publish","type":"page","link":"https:\/\/maua.g12.br\/site\/index.php\/blog-do-maua\/","title":{"rendered":"Blog do Mau\u00e1"},"content":{"rendered":"\t\t<div data-elementor-type=\"wp-page\" data-elementor-id=\"1432\" class=\"elementor elementor-1432\">\n\t\t\t\t\t\t\t\t\t<section class=\"elementor-section elementor-top-section elementor-element elementor-element-4cb3b3f elementor-section-boxed elementor-section-height-default elementor-section-height-default\" data-id=\"4cb3b3f\" data-element_type=\"section\">\n\t\t\t\t\t\t<div class=\"elementor-container elementor-column-gap-default\">\n\t\t\t\t\t<div class=\"elementor-column elementor-col-100 elementor-top-column elementor-element elementor-element-11487e4\" data-id=\"11487e4\" data-element_type=\"column\">\n\t\t\t<div class=\"elementor-widget-wrap elementor-element-populated\">\n\t\t\t\t\t\t\t\t<div class=\"elementor-element elementor-element-1296e19 elementor-widget elementor-widget-heading\" data-id=\"1296e19\" data-element_type=\"widget\" data-widget_type=\"heading.default\">\n\t\t\t\t<div class=\"elementor-widget-container\">\n\t\t\t<style>\/*! elementor - v3.12.1 - 02-04-2023 *\/\n.elementor-heading-title{padding:0;margin:0;line-height:1}.elementor-widget-heading .elementor-heading-title[class*=elementor-size-]>a{color:inherit;font-size:inherit;line-height:inherit}.elementor-widget-heading .elementor-heading-title.elementor-size-small{font-size:15px}.elementor-widget-heading .elementor-heading-title.elementor-size-medium{font-size:19px}.elementor-widget-heading .elementor-heading-title.elementor-size-large{font-size:29px}.elementor-widget-heading .elementor-heading-title.elementor-size-xl{font-size:39px}.elementor-widget-heading .elementor-heading-title.elementor-size-xxl{font-size:59px}<\/style><h2 class=\"elementor-heading-title elementor-size-default\">Blog do Mau\u00e1<\/h2>\t\t<\/div>\n\t\t\t\t<\/div>\n\t\t\t\t<div class=\"elementor-element elementor-element-e3cb8ae elementor-grid-1 elementor-grid-tablet-2 elementor-grid-mobile-1 elementor-posts--thumbnail-top elementor-card-shadow-yes elementor-posts__hover-gradient load-more-align-center elementor-widget elementor-widget-posts\" data-id=\"e3cb8ae\" data-element_type=\"widget\" data-settings=\"{&quot;cards_columns&quot;:&quot;1&quot;,&quot;pagination_type&quot;:&quot;load_more_on_click&quot;,&quot;cards_columns_tablet&quot;:&quot;2&quot;,&quot;cards_columns_mobile&quot;:&quot;1&quot;,&quot;cards_row_gap&quot;:{&quot;unit&quot;:&quot;px&quot;,&quot;size&quot;:35,&quot;sizes&quot;:[]},&quot;cards_row_gap_tablet&quot;:{&quot;unit&quot;:&quot;px&quot;,&quot;size&quot;:&quot;&quot;,&quot;sizes&quot;:[]},&quot;cards_row_gap_mobile&quot;:{&quot;unit&quot;:&quot;px&quot;,&quot;size&quot;:&quot;&quot;,&quot;sizes&quot;:[]},&quot;load_more_spinner&quot;:{&quot;value&quot;:&quot;fas fa-spinner&quot;,&quot;library&quot;:&quot;fa-solid&quot;}}\" data-widget_type=\"posts.cards\">\n\t\t\t\t<div class=\"elementor-widget-container\">\n\t\t\t<link rel=\"stylesheet\" href=\"https:\/\/maua.g12.br\/site\/wp-content\/plugins\/elementor-pro\/assets\/css\/widget-posts.min.css\">\t\t<div class=\"elementor-posts-container elementor-posts elementor-posts--skin-cards elementor-grid\">\n\t\t\t\t<article class=\"elementor-post elementor-grid-item post-21440 post type-post status-publish format-standard has-post-thumbnail hentry category-unidadeii\">\n\t\t\t<div class=\"elementor-post__card\">\n\t\t\t\t<a class=\"elementor-post__thumbnail__link\" href=\"https:\/\/maua.g12.br\/site\/index.php\/alunos-do-colegio-maua-conquistam-oito-medalhas-na-primeira-participacao-na-olitef\/\" ><div class=\"elementor-post__thumbnail\"><img decoding=\"async\" width=\"650\" height=\"433\" src=\"https:\/\/maua.g12.br\/site\/wp-content\/uploads\/2026\/03\/Entrega-Olitef_Credito-Regina-Colombelli.jpg\" class=\"attachment-medium_large size-medium_large wp-image-21441\" alt=\"\" srcset=\"https:\/\/maua.g12.br\/site\/wp-content\/uploads\/2026\/03\/Entrega-Olitef_Credito-Regina-Colombelli.jpg 650w, https:\/\/maua.g12.br\/site\/wp-content\/uploads\/2026\/03\/Entrega-Olitef_Credito-Regina-Colombelli-300x200.jpg 300w\" sizes=\"(max-width: 650px) 100vw, 650px\" \/><\/div><\/a>\n\t\t\t\t<div class=\"elementor-post__badge\">Unidade II<\/div>\n\t\t\t\t<div class=\"elementor-post__text\">\n\t\t\t\t<h3 class=\"elementor-post__title\">\n\t\t\t<a href=\"https:\/\/maua.g12.br\/site\/index.php\/alunos-do-colegio-maua-conquistam-oito-medalhas-na-primeira-participacao-na-olitef\/\" >\n\t\t\t\tAlunos do Col\u00e9gio Mau\u00e1 conquistam oito medalhas na primeira participa\u00e7\u00e3o na OLITEF\t\t\t<\/a>\n\t\t<\/h3>\n\t\t\n\t\t<a class=\"elementor-post__read-more\" href=\"https:\/\/maua.g12.br\/site\/index.php\/alunos-do-colegio-maua-conquistam-oito-medalhas-na-primeira-participacao-na-olitef\/\" aria-label=\"Read more about Alunos do Col\u00e9gio Mau\u00e1 conquistam oito medalhas na primeira participa\u00e7\u00e3o na OLITEF\" >\n\t\t\tLeia Mais \u00bb\t\t<\/a>\n\n\t\t\t\t<\/div>\n\t\t\t\t<div class=\"elementor-post__meta-data\">\n\t\t\t\t\t<span class=\"elementor-post-date\">\n\t\t\tmar\u00e7o 23, 2026\t\t<\/span>\n\t\t\t\t<span class=\"elementor-post-avatar\">\n\t\t\tNenhum coment\u00e1rio\t\t<\/span>\n\t\t\t\t<\/div>\n\t\t\t\t\t<\/div>\n\t\t<\/article>\n\t\t\t\t<article class=\"elementor-post elementor-grid-item post-21437 post type-post status-publish format-standard has-post-thumbnail hentry category-unidadeii\">\n\t\t\t<div class=\"elementor-post__card\">\n\t\t\t\t<a class=\"elementor-post__thumbnail__link\" href=\"https:\/\/maua.g12.br\/site\/index.php\/colegio-maua-inicia-na-proxima-quinta-feira-ano-letivo-para-mais-de-24-mil-alunos\/\" ><div class=\"elementor-post__thumbnail\"><img decoding=\"async\" width=\"650\" height=\"351\" src=\"https:\/\/maua.g12.br\/site\/wp-content\/uploads\/2026\/03\/Seminario-Maua_Credito-Regina-Colombelli.jpg\" class=\"attachment-medium_large size-medium_large wp-image-21438\" alt=\"\" srcset=\"https:\/\/maua.g12.br\/site\/wp-content\/uploads\/2026\/03\/Seminario-Maua_Credito-Regina-Colombelli.jpg 650w, https:\/\/maua.g12.br\/site\/wp-content\/uploads\/2026\/03\/Seminario-Maua_Credito-Regina-Colombelli-300x162.jpg 300w\" sizes=\"(max-width: 650px) 100vw, 650px\" \/><\/div><\/a>\n\t\t\t\t<div class=\"elementor-post__badge\">Unidade II<\/div>\n\t\t\t\t<div class=\"elementor-post__text\">\n\t\t\t\t<h3 class=\"elementor-post__title\">\n\t\t\t<a href=\"https:\/\/maua.g12.br\/site\/index.php\/colegio-maua-inicia-na-proxima-quinta-feira-ano-letivo-para-mais-de-24-mil-alunos\/\" >\n\t\t\t\tCol\u00e9gio Mau\u00e1 inicia na pr\u00f3xima quinta-feira ano letivo para mais de 2,4 mil alunos\t\t\t<\/a>\n\t\t<\/h3>\n\t\t\n\t\t<a class=\"elementor-post__read-more\" href=\"https:\/\/maua.g12.br\/site\/index.php\/colegio-maua-inicia-na-proxima-quinta-feira-ano-letivo-para-mais-de-24-mil-alunos\/\" aria-label=\"Read more about Col\u00e9gio Mau\u00e1 inicia na pr\u00f3xima quinta-feira ano letivo para mais de 2,4 mil alunos\" >\n\t\t\tLeia Mais \u00bb\t\t<\/a>\n\n\t\t\t\t<\/div>\n\t\t\t\t<div class=\"elementor-post__meta-data\">\n\t\t\t\t\t<span class=\"elementor-post-date\">\n\t\t\tfevereiro 12, 2026\t\t<\/span>\n\t\t\t\t<span class=\"elementor-post-avatar\">\n\t\t\tNenhum coment\u00e1rio\t\t<\/span>\n\t\t\t\t<\/div>\n\t\t\t\t\t<\/div>\n\t\t<\/article>\n\t\t\t\t<article class=\"elementor-post elementor-grid-item post-21434 post type-post status-publish format-standard has-post-thumbnail hentry category-unidadeii\">\n\t\t\t<div class=\"elementor-post__card\">\n\t\t\t\t<a class=\"elementor-post__thumbnail__link\" href=\"https:\/\/maua.g12.br\/site\/index.php\/academia-de-letras-e-colegio-maua-realizam-noite-literaria-nesta-quarta\/\" ><div class=\"elementor-post__thumbnail\"><img decoding=\"async\" width=\"650\" height=\"365\" src=\"https:\/\/maua.g12.br\/site\/wp-content\/uploads\/2026\/03\/Sala-Lya-Luft_Credito-Regina-Colombelli-1.jpeg\" class=\"attachment-medium_large size-medium_large wp-image-21435\" alt=\"\" srcset=\"https:\/\/maua.g12.br\/site\/wp-content\/uploads\/2026\/03\/Sala-Lya-Luft_Credito-Regina-Colombelli-1.jpeg 650w, https:\/\/maua.g12.br\/site\/wp-content\/uploads\/2026\/03\/Sala-Lya-Luft_Credito-Regina-Colombelli-1-300x168.jpeg 300w\" sizes=\"(max-width: 650px) 100vw, 650px\" \/><\/div><\/a>\n\t\t\t\t<div class=\"elementor-post__badge\">Unidade II<\/div>\n\t\t\t\t<div class=\"elementor-post__text\">\n\t\t\t\t<h3 class=\"elementor-post__title\">\n\t\t\t<a href=\"https:\/\/maua.g12.br\/site\/index.php\/academia-de-letras-e-colegio-maua-realizam-noite-literaria-nesta-quarta\/\" >\n\t\t\t\tAcademia de Letras e Col\u00e9gio Mau\u00e1 realizam Noite Liter\u00e1ria nesta quarta\t\t\t<\/a>\n\t\t<\/h3>\n\t\t\n\t\t<a class=\"elementor-post__read-more\" href=\"https:\/\/maua.g12.br\/site\/index.php\/academia-de-letras-e-colegio-maua-realizam-noite-literaria-nesta-quarta\/\" aria-label=\"Read more about Academia de Letras e Col\u00e9gio Mau\u00e1 realizam Noite Liter\u00e1ria nesta quarta\" >\n\t\t\tLeia Mais \u00bb\t\t<\/a>\n\n\t\t\t\t<\/div>\n\t\t\t\t<div class=\"elementor-post__meta-data\">\n\t\t\t\t\t<span class=\"elementor-post-date\">\n\t\t\tjaneiro 9, 2026\t\t<\/span>\n\t\t\t\t<span class=\"elementor-post-avatar\">\n\t\t\tNenhum coment\u00e1rio\t\t<\/span>\n\t\t\t\t<\/div>\n\t\t\t\t\t<\/div>\n\t\t<\/article>\n\t\t\t\t<article class=\"elementor-post elementor-grid-item post-21052 post type-post status-publish format-standard has-post-thumbnail hentry category-unidadeii\">\n\t\t\t<div class=\"elementor-post__card\">\n\t\t\t\t<a class=\"elementor-post__thumbnail__link\" href=\"https:\/\/maua.g12.br\/site\/index.php\/colegio-maua-conquista-14-premios-da-federacao-gaucha-de-ginastica\/\" ><div class=\"elementor-post__thumbnail\"><img decoding=\"async\" width=\"650\" height=\"365\" src=\"https:\/\/maua.g12.br\/site\/wp-content\/uploads\/2026\/01\/Equipe-GTR-Premiacao-2025_Divulgacao.jpg\" class=\"attachment-medium_large size-medium_large wp-image-21053\" alt=\"\" srcset=\"https:\/\/maua.g12.br\/site\/wp-content\/uploads\/2026\/01\/Equipe-GTR-Premiacao-2025_Divulgacao.jpg 650w, https:\/\/maua.g12.br\/site\/wp-content\/uploads\/2026\/01\/Equipe-GTR-Premiacao-2025_Divulgacao-300x168.jpg 300w\" sizes=\"(max-width: 650px) 100vw, 650px\" \/><\/div><\/a>\n\t\t\t\t<div class=\"elementor-post__badge\">Unidade II<\/div>\n\t\t\t\t<div class=\"elementor-post__text\">\n\t\t\t\t<h3 class=\"elementor-post__title\">\n\t\t\t<a href=\"https:\/\/maua.g12.br\/site\/index.php\/colegio-maua-conquista-14-premios-da-federacao-gaucha-de-ginastica\/\" >\n\t\t\t\tCol\u00e9gio Mau\u00e1 conquista 14 pr\u00eamios da Federa\u00e7\u00e3o Ga\u00facha de Gin\u00e1stica\t\t\t<\/a>\n\t\t<\/h3>\n\t\t\n\t\t<a class=\"elementor-post__read-more\" href=\"https:\/\/maua.g12.br\/site\/index.php\/colegio-maua-conquista-14-premios-da-federacao-gaucha-de-ginastica\/\" aria-label=\"Read more about Col\u00e9gio Mau\u00e1 conquista 14 pr\u00eamios da Federa\u00e7\u00e3o Ga\u00facha de Gin\u00e1stica\" >\n\t\t\tLeia Mais \u00bb\t\t<\/a>\n\n\t\t\t\t<\/div>\n\t\t\t\t<div class=\"elementor-post__meta-data\">\n\t\t\t\t\t<span class=\"elementor-post-date\">\n\t\t\tdezembro 30, 2025\t\t<\/span>\n\t\t\t\t<span class=\"elementor-post-avatar\">\n\t\t\tNenhum coment\u00e1rio\t\t<\/span>\n\t\t\t\t<\/div>\n\t\t\t\t\t<\/div>\n\t\t<\/article>\n\t\t\t\t<\/div>\n\t\t\t\t\t<span class=\"e-load-more-spinner\">\n\t\t\t\t<i aria-hidden=\"true\" class=\"fas fa-spinner\"><\/i>\t\t\t<\/span>\n\t\t\n\t\t\t\t<div class=\"e-load-more-anchor\" data-page=\"1\" data-max-page=\"20\" data-next-page=\"https:\/\/maua.g12.br\/site\/index.php\/wp-json\/wp\/v2\/pages\/1432\/page\/2\/\"><\/div>\n\t\t\t\t<div class=\"elementor-button-wrapper\">\n\t\t\t<a href=\"#\" class=\"elementor-button-link elementor-button\" role=\"button\">\n\t\t\t\t\t\t<span class=\"elementor-button-content-wrapper\">\n\t\t\t\t\t\t<span class=\"elementor-button-text\">CARREGAR MAIS...<\/span>\n\t\t<\/span>\n\t\t\t\t\t<\/a>\n\t\t<\/div>\n\t\t\t\t<div class=\"e-load-more-message\"><\/div>\n\t\t\t\t<\/div>\n\t\t\t\t<\/div>\n\t\t\t\t\t<\/div>\n\t\t<\/div>\n\t\t\t\t\t\t\t<\/div>\n\t\t<\/section>\n\t\t\t\t\t\t\t<\/div>\n\t\t","protected":false},"excerpt":{"rendered":"<p>Blog do Mau\u00e1<\/p>\n","protected":false},"author":1,"featured_media":0,"parent":0,"menu_order":0,"comment_status":"closed","ping_status":"closed","template":"","meta":{"footnotes":""},"class_list":["post-1432","page","type-page","status-publish","hentry"],"_links":{"self":[{"href":"https:\/\/maua.g12.br\/site\/index.php\/wp-json\/wp\/v2\/pages\/1432","targetHints":{"allow":["GET"]}}],"collection":[{"href":"https:\/\/maua.g12.br\/site\/index.php\/wp-json\/wp\/v2\/pages"}],"about":[{"href":"https:\/\/maua.g12.br\/site\/index.php\/wp-json\/wp\/v2\/types\/page"}],"author":[{"embeddable":true,"href":"https:\/\/maua.g12.br\/site\/index.php\/wp-json\/wp\/v2\/users\/1"}],"replies":[{"embeddable":true,"href":"https:\/\/maua.g12.br\/site\/index.php\/wp-json\/wp\/v2\/comments?post=1432"}],"version-history":[{"count":55,"href":"https:\/\/maua.g12.br\/site\/index.php\/wp-json\/wp\/v2\/pages\/1432\/revisions"}],"predecessor-version":[{"id":1883,"href":"https:\/\/maua.g12.br\/site\/index.php\/wp-json\/wp\/v2\/pages\/1432\/revisions\/1883"}],"wp:attachment":[{"href":"https:\/\/maua.g12.br\/site\/index.php\/wp-json\/wp\/v2\/media?parent=1432"}],"curies":[{"name":"wp","href":"https:\/\/api.w.org\/{rel}","templated":true}]}}