{"id":20347,"date":"2025-09-09T14:36:02","date_gmt":"2025-09-09T14:36:02","guid":{"rendered":"https:\/\/maua.g12.br\/site\/?page_id=20347"},"modified":"2025-10-10T20:15:44","modified_gmt":"2025-10-10T20:15:44","slug":"30a-intesi","status":"publish","type":"page","link":"https:\/\/maua.g12.br\/site\/index.php\/30a-intesi\/","title":{"rendered":"30\u00aa INTESI"},"content":{"rendered":"\t\t<div data-elementor-type=\"wp-page\" data-elementor-id=\"20347\" class=\"elementor elementor-20347\">\n\t\t\t\t\t\t\t\t\t<section class=\"elementor-section elementor-top-section elementor-element elementor-element-22095d78 elementor-section-content-middle elementor-section-boxed elementor-section-height-default elementor-section-height-default\" data-id=\"22095d78\" data-element_type=\"section\" data-settings=\"{&quot;background_background&quot;:&quot;classic&quot;}\">\n\t\t\t\t\t\t\t<div class=\"elementor-background-overlay\"><\/div>\n\t\t\t\t\t\t\t<div class=\"elementor-container elementor-column-gap-default\">\n\t\t\t\t\t<div class=\"elementor-column elementor-col-100 elementor-top-column elementor-element elementor-element-19087d2c\" data-id=\"19087d2c\" data-element_type=\"column\">\n\t\t\t<div class=\"elementor-widget-wrap elementor-element-populated\">\n\t\t\t\t\t\t\t\t<div class=\"elementor-element elementor-element-7a3884ee elementor-widget elementor-widget-heading\" data-id=\"7a3884ee\" data-element_type=\"widget\" data-widget_type=\"heading.default\">\n\t\t\t\t<div class=\"elementor-widget-container\">\n\t\t\t<style>\/*! elementor - v3.12.1 - 02-04-2023 *\/\n.elementor-heading-title{padding:0;margin:0;line-height:1}.elementor-widget-heading .elementor-heading-title[class*=elementor-size-]>a{color:inherit;font-size:inherit;line-height:inherit}.elementor-widget-heading .elementor-heading-title.elementor-size-small{font-size:15px}.elementor-widget-heading .elementor-heading-title.elementor-size-medium{font-size:19px}.elementor-widget-heading .elementor-heading-title.elementor-size-large{font-size:29px}.elementor-widget-heading .elementor-heading-title.elementor-size-xl{font-size:39px}.elementor-widget-heading .elementor-heading-title.elementor-size-xxl{font-size:59px}<\/style><h1 class=\"elementor-heading-title elementor-size-default\">30\u00aa INTESI<\/h1>\t\t<\/div>\n\t\t\t\t<\/div>\n\t\t\t\t<div class=\"elementor-element elementor-element-2cf66ffc elementor-widget elementor-widget-heading\" data-id=\"2cf66ffc\" data-element_type=\"widget\" data-widget_type=\"heading.default\">\n\t\t\t\t<div class=\"elementor-widget-container\">\n\t\t\t<h4 class=\"elementor-heading-title elementor-size-default\">Onde o palco vira mundo e cada estutando um universo<\/h4>\t\t<\/div>\n\t\t\t\t<\/div>\n\t\t\t\t\t<\/div>\n\t\t<\/div>\n\t\t\t\t\t\t\t<\/div>\n\t\t<\/section>\n\t\t\t\t<section class=\"elementor-section elementor-top-section elementor-element elementor-element-721800fb elementor-section-boxed elementor-section-height-default elementor-section-height-default\" data-id=\"721800fb\" data-element_type=\"section\" data-settings=\"{&quot;background_background&quot;:&quot;classic&quot;}\">\n\t\t\t\t\t\t<div class=\"elementor-container elementor-column-gap-default\">\n\t\t\t\t\t<div class=\"elementor-column elementor-col-50 elementor-top-column elementor-element elementor-element-5f852a4e elementor-invisible\" data-id=\"5f852a4e\" data-element_type=\"column\" data-settings=\"{&quot;animation&quot;:&quot;fadeInLeft&quot;}\">\n\t\t\t<div class=\"elementor-widget-wrap elementor-element-populated\">\n\t\t\t\t\t\t\t\t<div class=\"elementor-element elementor-element-3c289b5c elementor-widget elementor-widget-heading\" data-id=\"3c289b5c\" data-element_type=\"widget\" data-widget_type=\"heading.default\">\n\t\t\t\t<div class=\"elementor-widget-container\">\n\t\t\t<h6 class=\"elementor-heading-title elementor-size-default\">Sobre a INTESI<\/h6>\t\t<\/div>\n\t\t\t\t<\/div>\n\t\t\t\t<div class=\"elementor-element elementor-element-6a4baac1 elementor-widget elementor-widget-heading\" data-id=\"6a4baac1\" data-element_type=\"widget\" data-widget_type=\"heading.default\">\n\t\t\t\t<div class=\"elementor-widget-container\">\n\t\t\t<h2 class=\"elementor-heading-title elementor-size-default\">INTESI 2025 \u2013 30\u00aa Edi\u00e7\u00e3o no Col\u00e9gio Mau\u00e1<\/h2>\t\t<\/div>\n\t\t\t\t<\/div>\n\t\t\t\t<div class=\"elementor-element elementor-element-42a08455 elementor-widget elementor-widget-text-editor\" data-id=\"42a08455\" data-element_type=\"widget\" data-widget_type=\"text-editor.default\">\n\t\t\t\t<div class=\"elementor-widget-container\">\n\t\t\t<style>\/*! elementor - v3.12.1 - 02-04-2023 *\/\n.elementor-widget-text-editor.elementor-drop-cap-view-stacked .elementor-drop-cap{background-color:#69727d;color:#fff}.elementor-widget-text-editor.elementor-drop-cap-view-framed .elementor-drop-cap{color:#69727d;border:3px solid;background-color:transparent}.elementor-widget-text-editor:not(.elementor-drop-cap-view-default) .elementor-drop-cap{margin-top:8px}.elementor-widget-text-editor:not(.elementor-drop-cap-view-default) .elementor-drop-cap-letter{width:1em;height:1em}.elementor-widget-text-editor .elementor-drop-cap{float:left;text-align:center;line-height:1;font-size:50px}.elementor-widget-text-editor .elementor-drop-cap-letter{display:inline-block}<\/style>\t\t\t\t<h4><!--StartFragment --><\/h4><h5>O Col\u00e9gio Mau\u00e1 tem a honra de sediar a <strong>30\u00aa edi\u00e7\u00e3o do INTESI <\/strong>\u2013 Interc\u00e2mbio de Teatro da Rede Sinodal, um dos eventos culturais mais significativos da rede<\/h5><h4><!--EndFragment --><\/h4><p>INTESI \u00e9 um espa\u00e7o de celebra\u00e7\u00e3o da arte, da express\u00e3o e da criatividade estudantil, reunindo grupos teatrais de escolas de diferentes regi\u00f5es para compartilhar experi\u00eancias, apresentar espet\u00e1culos e fortalecer v\u00ednculos por meio da linguagem c\u00eanica.<\/p><h5>O que \u00e9 o INTESI?<\/h5><p>O INTESI \u00e9 um encontro anual que promove o interc\u00e2mbio entre grupos de teatro escolar das institui\u00e7\u00f5es vinculadas \u00e0 Rede Sinodal de Educa\u00e7\u00e3o. Mais do que um festival, \u00e9 uma viv\u00eancia art\u00edstica e pedag\u00f3gica que valoriza o protagonismo dos estudantes, a produ\u00e7\u00e3o cultural nas escolas e o di\u00e1logo entre diferentes realidades.<\/p><h5>Objetivos do evento<\/h5><p>\u2022 Estimular a express\u00e3o art\u00edstica e o desenvolvimento de habilidades comunicativas.<br \/>\u2022 Promover a integra\u00e7\u00e3o entre escolas da Rede Sinodal.<br \/>\u2022 Incentivar o trabalho coletivo, a empatia e o respeito \u00e0 diversidade.<br \/>\u2022 Valorizar o teatro como ferramenta educativa e transformadora.<\/p><h5>O que esperar da 30\u00aa edi\u00e7\u00e3o?<\/h5><p>\u2022 Espet\u00e1culos teatrais autorais e adaptados, com tem\u00e1ticas contempor\u00e2neas e reflexivas.<br \/>\u2022 Momentos de integra\u00e7\u00e3o, troca de experi\u00eancias e confraterniza\u00e7\u00e3o.<br \/>\u2022 Participa\u00e7\u00e3o de escolas de diferentes cidades, fortalecendo o esp\u00edrito de rede<\/p>\t\t\t\t\t\t<\/div>\n\t\t\t\t<\/div>\n\t\t\t\t\t<\/div>\n\t\t<\/div>\n\t\t\t\t<div class=\"elementor-column elementor-col-50 elementor-top-column elementor-element elementor-element-2130a5cd\" data-id=\"2130a5cd\" data-element_type=\"column\">\n\t\t\t<div class=\"elementor-widget-wrap elementor-element-populated\">\n\t\t\t\t\t\t\t\t<div class=\"elementor-element elementor-element-7d81f500 elementor-widget elementor-widget-image\" data-id=\"7d81f500\" data-element_type=\"widget\" data-widget_type=\"image.default\">\n\t\t\t\t<div class=\"elementor-widget-container\">\n\t\t\t<style>\/*! elementor - v3.12.1 - 02-04-2023 *\/\n.elementor-widget-image{text-align:center}.elementor-widget-image a{display:inline-block}.elementor-widget-image a img[src$=\".svg\"]{width:48px}.elementor-widget-image img{vertical-align:middle;display:inline-block}<\/style>\t\t\t\t\t\t\t\t\t\t\t\t<img decoding=\"async\" width=\"1024\" height=\"497\" src=\"https:\/\/maua.g12.br\/site\/wp-content\/uploads\/2025\/09\/logotipo_30intesi_conceito_01-1024x497.png\" class=\"attachment-large size-large wp-image-20349\" alt=\"\" srcset=\"https:\/\/maua.g12.br\/site\/wp-content\/uploads\/2025\/09\/logotipo_30intesi_conceito_01-1024x497.png 1024w, https:\/\/maua.g12.br\/site\/wp-content\/uploads\/2025\/09\/logotipo_30intesi_conceito_01-300x146.png 300w, https:\/\/maua.g12.br\/site\/wp-content\/uploads\/2025\/09\/logotipo_30intesi_conceito_01-768x372.png 768w, https:\/\/maua.g12.br\/site\/wp-content\/uploads\/2025\/09\/logotipo_30intesi_conceito_01-1536x745.png 1536w, https:\/\/maua.g12.br\/site\/wp-content\/uploads\/2025\/09\/logotipo_30intesi_conceito_01.png 2000w\" sizes=\"(max-width: 1024px) 100vw, 1024px\" \/>\t\t\t\t\t\t\t\t\t\t\t\t\t\t\t<\/div>\n\t\t\t\t<\/div>\n\t\t\t\t<div class=\"elementor-element elementor-element-0439e3d elementor-widget elementor-widget-image\" data-id=\"0439e3d\" data-element_type=\"widget\" data-widget_type=\"image.default\">\n\t\t\t\t<div class=\"elementor-widget-container\">\n\t\t\t\t\t\t\t\t\t\t\t\t\t\t\t<img decoding=\"async\" width=\"300\" height=\"203\" src=\"https:\/\/maua.g12.br\/site\/wp-content\/uploads\/2025\/09\/4-300x203.png\" class=\"attachment-medium size-medium wp-image-20353\" alt=\"\" srcset=\"https:\/\/maua.g12.br\/site\/wp-content\/uploads\/2025\/09\/4-300x203.png 300w, https:\/\/maua.g12.br\/site\/wp-content\/uploads\/2025\/09\/4.png 500w\" sizes=\"(max-width: 300px) 100vw, 300px\" \/>\t\t\t\t\t\t\t\t\t\t\t\t\t\t\t<\/div>\n\t\t\t\t<\/div>\n\t\t\t\t<div class=\"elementor-element elementor-element-4d8744e elementor-widget elementor-widget-image\" data-id=\"4d8744e\" data-element_type=\"widget\" data-widget_type=\"image.default\">\n\t\t\t\t<div class=\"elementor-widget-container\">\n\t\t\t\t\t\t\t\t\t\t\t\t\t\t\t<img decoding=\"async\" width=\"300\" height=\"201\" src=\"https:\/\/maua.g12.br\/site\/wp-content\/uploads\/2025\/09\/1-300x201.png\" class=\"attachment-medium size-medium wp-image-20350\" alt=\"\" srcset=\"https:\/\/maua.g12.br\/site\/wp-content\/uploads\/2025\/09\/1-300x201.png 300w, https:\/\/maua.g12.br\/site\/wp-content\/uploads\/2025\/09\/1.png 611w\" sizes=\"(max-width: 300px) 100vw, 300px\" \/>\t\t\t\t\t\t\t\t\t\t\t\t\t\t\t<\/div>\n\t\t\t\t<\/div>\n\t\t\t\t<div class=\"elementor-element elementor-element-883ac98 elementor-widget elementor-widget-image\" data-id=\"883ac98\" data-element_type=\"widget\" data-widget_type=\"image.default\">\n\t\t\t\t<div class=\"elementor-widget-container\">\n\t\t\t\t\t\t\t\t\t\t\t\t\t\t\t<img decoding=\"async\" width=\"300\" height=\"186\" src=\"https:\/\/maua.g12.br\/site\/wp-content\/uploads\/2025\/09\/3-300x186.png\" class=\"attachment-medium size-medium wp-image-20352\" alt=\"\" srcset=\"https:\/\/maua.g12.br\/site\/wp-content\/uploads\/2025\/09\/3-300x186.png 300w, https:\/\/maua.g12.br\/site\/wp-content\/uploads\/2025\/09\/3.png 573w\" sizes=\"(max-width: 300px) 100vw, 300px\" \/>\t\t\t\t\t\t\t\t\t\t\t\t\t\t\t<\/div>\n\t\t\t\t<\/div>\n\t\t\t\t<div class=\"elementor-element elementor-element-fd93bd3 elementor-widget elementor-widget-image\" data-id=\"fd93bd3\" data-element_type=\"widget\" data-widget_type=\"image.default\">\n\t\t\t\t<div class=\"elementor-widget-container\">\n\t\t\t\t\t\t\t\t\t\t\t\t\t\t\t<img decoding=\"async\" width=\"300\" height=\"156\" src=\"https:\/\/maua.g12.br\/site\/wp-content\/uploads\/2025\/09\/6-300x156.png\" class=\"attachment-medium size-medium wp-image-20355\" alt=\"\" srcset=\"https:\/\/maua.g12.br\/site\/wp-content\/uploads\/2025\/09\/6-300x156.png 300w, https:\/\/maua.g12.br\/site\/wp-content\/uploads\/2025\/09\/6.png 442w\" sizes=\"(max-width: 300px) 100vw, 300px\" \/>\t\t\t\t\t\t\t\t\t\t\t\t\t\t\t<\/div>\n\t\t\t\t<\/div>\n\t\t\t\t\t<\/div>\n\t\t<\/div>\n\t\t\t\t\t\t\t<\/div>\n\t\t<\/section>\n\t\t\t\t<section class=\"elementor-section elementor-top-section elementor-element elementor-element-688bfd9 elementor-section-boxed elementor-section-height-default elementor-section-height-default\" data-id=\"688bfd9\" data-element_type=\"section\">\n\t\t\t\t\t\t<div class=\"elementor-container elementor-column-gap-default\">\n\t\t\t\t\t<div class=\"elementor-column elementor-col-33 elementor-top-column elementor-element elementor-element-7e70a1d\" data-id=\"7e70a1d\" data-element_type=\"column\">\n\t\t\t<div class=\"elementor-widget-wrap elementor-element-populated\">\n\t\t\t\t\t\t\t\t<div class=\"elementor-element elementor-element-ba43940 elementor-widget elementor-widget-heading\" data-id=\"ba43940\" data-element_type=\"widget\" data-widget_type=\"heading.default\">\n\t\t\t\t<div class=\"elementor-widget-container\">\n\t\t\t<h4 class=\"elementor-heading-title elementor-size-default\">Inscri\u00e7\u00e3o<\/h4>\t\t<\/div>\n\t\t\t\t<\/div>\n\t\t\t\t<div data-ep-wrapper-link=\"{&quot;url&quot;:&quot;https:\\\/\\\/maua.g12.br\\\/site\\\/wp-content\\\/uploads\\\/2025\\\/09\\\/30a-INTESI-FICHA-DE-INSCRICOES.docx&quot;,&quot;is_external&quot;:&quot;on&quot;,&quot;nofollow&quot;:&quot;&quot;,&quot;custom_attributes&quot;:&quot;&quot;}\" style=\"cursor: pointer\" class=\"bdt-element-link elementor-element elementor-element-59b7d95 elementor-widget elementor-widget-image\" data-id=\"59b7d95\" data-element_type=\"widget\" data-widget_type=\"image.default\">\n\t\t\t\t<div class=\"elementor-widget-container\">\n\t\t\t\t\t\t\t\t\t\t\t\t\t\t\t<img decoding=\"async\" width=\"150\" height=\"150\" src=\"https:\/\/maua.g12.br\/site\/wp-content\/uploads\/2025\/09\/Inscricao-150x150.png\" class=\"attachment-thumbnail size-thumbnail wp-image-20357\" alt=\"\" srcset=\"https:\/\/maua.g12.br\/site\/wp-content\/uploads\/2025\/09\/Inscricao-150x150.png 150w, https:\/\/maua.g12.br\/site\/wp-content\/uploads\/2025\/09\/Inscricao-300x300.png 300w, https:\/\/maua.g12.br\/site\/wp-content\/uploads\/2025\/09\/Inscricao.png 512w\" sizes=\"(max-width: 150px) 100vw, 150px\" \/>\t\t\t\t\t\t\t\t\t\t\t\t\t\t\t<\/div>\n\t\t\t\t<\/div>\n\t\t\t\t\t<\/div>\n\t\t<\/div>\n\t\t\t\t<div class=\"elementor-column elementor-col-33 elementor-top-column elementor-element elementor-element-e9a6229\" data-id=\"e9a6229\" data-element_type=\"column\">\n\t\t\t<div class=\"elementor-widget-wrap elementor-element-populated\">\n\t\t\t\t\t\t\t\t<div class=\"elementor-element elementor-element-0ab75d5 elementor-widget elementor-widget-heading\" data-id=\"0ab75d5\" data-element_type=\"widget\" data-widget_type=\"heading.default\">\n\t\t\t\t<div class=\"elementor-widget-container\">\n\t\t\t<h4 class=\"elementor-heading-title elementor-size-default\">Programa\u00e7\u00e3o <\/h4>\t\t<\/div>\n\t\t\t\t<\/div>\n\t\t\t\t<div data-ep-wrapper-link=\"{&quot;url&quot;:&quot;https:\\\/\\\/maua.g12.br\\\/site\\\/wp-content\\\/uploads\\\/2025\\\/10\\\/Programacao-30Intesi.docx&quot;,&quot;is_external&quot;:&quot;on&quot;,&quot;nofollow&quot;:&quot;&quot;,&quot;custom_attributes&quot;:&quot;&quot;}\" style=\"cursor: pointer\" class=\"bdt-element-link elementor-element elementor-element-43a6a88 elementor-widget elementor-widget-image\" data-id=\"43a6a88\" data-element_type=\"widget\" data-widget_type=\"image.default\">\n\t\t\t\t<div class=\"elementor-widget-container\">\n\t\t\t\t\t\t\t\t\t\t\t\t\t\t\t<img decoding=\"async\" width=\"150\" height=\"150\" src=\"https:\/\/maua.g12.br\/site\/wp-content\/uploads\/2025\/09\/programacao-150x150.png\" class=\"attachment-thumbnail size-thumbnail wp-image-20358\" alt=\"\" srcset=\"https:\/\/maua.g12.br\/site\/wp-content\/uploads\/2025\/09\/programacao-150x150.png 150w, https:\/\/maua.g12.br\/site\/wp-content\/uploads\/2025\/09\/programacao-300x300.png 300w, https:\/\/maua.g12.br\/site\/wp-content\/uploads\/2025\/09\/programacao.png 512w\" sizes=\"(max-width: 150px) 100vw, 150px\" \/>\t\t\t\t\t\t\t\t\t\t\t\t\t\t\t<\/div>\n\t\t\t\t<\/div>\n\t\t\t\t\t<\/div>\n\t\t<\/div>\n\t\t\t\t<div class=\"elementor-column elementor-col-33 elementor-top-column elementor-element elementor-element-e9bae38\" data-id=\"e9bae38\" data-element_type=\"column\">\n\t\t\t<div class=\"elementor-widget-wrap elementor-element-populated\">\n\t\t\t\t\t\t\t\t<div class=\"elementor-element elementor-element-c9218ee elementor-widget elementor-widget-heading\" data-id=\"c9218ee\" data-element_type=\"widget\" data-widget_type=\"heading.default\">\n\t\t\t\t<div class=\"elementor-widget-container\">\n\t\t\t<h4 class=\"elementor-heading-title elementor-size-default\">Termo Uso de Imagem<\/h4>\t\t<\/div>\n\t\t\t\t<\/div>\n\t\t\t\t<div data-ep-wrapper-link=\"{&quot;url&quot;:&quot;https:\\\/\\\/maua.g12.br\\\/site\\\/wp-content\\\/uploads\\\/2025\\\/10\\\/Termo-Uso-de-Imagem-30o-INTESI.docx&quot;,&quot;is_external&quot;:&quot;on&quot;,&quot;nofollow&quot;:&quot;&quot;,&quot;custom_attributes&quot;:&quot;&quot;}\" style=\"cursor: pointer\" class=\"bdt-element-link elementor-element elementor-element-8d40555 elementor-widget elementor-widget-image\" data-id=\"8d40555\" data-element_type=\"widget\" data-widget_type=\"image.default\">\n\t\t\t\t<div class=\"elementor-widget-container\">\n\t\t\t\t\t\t\t\t\t\t\t\t\t\t\t<img decoding=\"async\" width=\"150\" height=\"150\" src=\"https:\/\/maua.g12.br\/site\/wp-content\/uploads\/2025\/09\/programacao-150x150.png\" class=\"attachment-thumbnail size-thumbnail wp-image-20358\" alt=\"\" srcset=\"https:\/\/maua.g12.br\/site\/wp-content\/uploads\/2025\/09\/programacao-150x150.png 150w, https:\/\/maua.g12.br\/site\/wp-content\/uploads\/2025\/09\/programacao-300x300.png 300w, https:\/\/maua.g12.br\/site\/wp-content\/uploads\/2025\/09\/programacao.png 512w\" sizes=\"(max-width: 150px) 100vw, 150px\" \/>\t\t\t\t\t\t\t\t\t\t\t\t\t\t\t<\/div>\n\t\t\t\t<\/div>\n\t\t\t\t\t<\/div>\n\t\t<\/div>\n\t\t\t\t\t\t\t<\/div>\n\t\t<\/section>\n\t\t\t\t<section class=\"elementor-section elementor-top-section elementor-element elementor-element-5a55a108 elementor-section-boxed elementor-section-height-default elementor-section-height-default\" data-id=\"5a55a108\" data-element_type=\"section\" data-settings=\"{&quot;background_background&quot;:&quot;classic&quot;}\">\n\t\t\t\t\t\t\t<div class=\"elementor-background-overlay\"><\/div>\n\t\t\t\t\t\t\t<div class=\"elementor-container elementor-column-gap-default\">\n\t\t\t\t\t<div class=\"elementor-column elementor-col-100 elementor-top-column elementor-element elementor-element-304f517e\" data-id=\"304f517e\" data-element_type=\"column\">\n\t\t\t<div class=\"elementor-widget-wrap elementor-element-populated\">\n\t\t\t\t\t\t\t\t<div class=\"elementor-element elementor-element-56536102 elementor-widget elementor-widget-heading\" data-id=\"56536102\" data-element_type=\"widget\" data-widget_type=\"heading.default\">\n\t\t\t\t<div class=\"elementor-widget-container\">\n\t\t\t<h6 class=\"elementor-heading-title elementor-size-default\">INFORMA\u00c7\u00d5ES GERAIS<\/h6>\t\t<\/div>\n\t\t\t\t<\/div>\n\t\t\t\t<div class=\"elementor-element elementor-element-21bd9cd7 elementor-widget elementor-widget-heading\" data-id=\"21bd9cd7\" data-element_type=\"widget\" data-widget_type=\"heading.default\">\n\t\t\t\t<div class=\"elementor-widget-container\">\n\t\t\t<h4 class=\"elementor-heading-title elementor-size-default\">Locais<\/h4>\t\t<\/div>\n\t\t\t\t<\/div>\n\t\t\t\t<div class=\"elementor-element elementor-element-5422d1d elementor-widget elementor-widget-text-editor\" data-id=\"5422d1d\" data-element_type=\"widget\" data-widget_type=\"text-editor.default\">\n\t\t\t\t<div class=\"elementor-widget-container\">\n\t\t\t\t\t\t\t<p>Teatro Col\u00e9gio Mau\u00e1<br \/>Rua Crist\u00f3v\u00e3o Colombo, 366 \u2013 Bairro Higien\u00f3polis<\/p><p>\u00a0<\/p>\t\t\t\t\t\t<\/div>\n\t\t\t\t<\/div>\n\t\t\t\t<div class=\"elementor-element elementor-element-233c88a4 elementor-widget elementor-widget-heading\" data-id=\"233c88a4\" data-element_type=\"widget\" data-widget_type=\"heading.default\">\n\t\t\t\t<div class=\"elementor-widget-container\">\n\t\t\t<h4 class=\"elementor-heading-title elementor-size-default\">Telefones \u00dateis<\/h4>\t\t<\/div>\n\t\t\t\t<\/div>\n\t\t\t\t<div class=\"elementor-element elementor-element-2cea369e elementor-widget elementor-widget-text-editor\" data-id=\"2cea369e\" data-element_type=\"widget\" data-widget_type=\"text-editor.default\">\n\t\t\t\t<div class=\"elementor-widget-container\">\n\t\t\t\t\t\t\t<p><strong>Col\u00e9gio Mau\u00e1<\/strong> \u2013 (51) 3711-2144<br \/><strong>Rodovi\u00e1ria de Santa Cruz do Sul<\/strong> \u2013 (51) 3711-2303<br \/><strong>Pronto Atendimento UNIMED de Santa Cruz do Sul<\/strong> \u2013 (51) 3713-8300<br \/><strong>SAMU<\/strong> \u2013 192 | <strong>Bombeiros<\/strong> \u2013 193<\/p>\t\t\t\t\t\t<\/div>\n\t\t\t\t<\/div>\n\t\t\t\t\t<\/div>\n\t\t<\/div>\n\t\t\t\t\t\t\t<\/div>\n\t\t<\/section>\n\t\t\t\t\t\t\t<\/div>\n\t\t","protected":false},"excerpt":{"rendered":"<p>Onde o palco vira mundo e cada estutando um universo Sobre a INTESI INTESI 2025 \u2013 30\u00aa Edi\u00e7\u00e3o no Col\u00e9gio Mau\u00e1 O Col\u00e9gio Mau\u00e1 tem a honra de sediar a 30\u00aa edi\u00e7\u00e3o do INTESI \u2013 Interc\u00e2mbio de Teatro da Rede Sinodal, um dos eventos culturais mais significativos da rede INTESI \u00e9 um espa\u00e7o de celebra\u00e7\u00e3o &#8230; <a title=\"30\u00aa INTESI\" class=\"read-more\" href=\"https:\/\/maua.g12.br\/site\/index.php\/30a-intesi\/\" aria-label=\"More on 30\u00aa INTESI\">Ler mais<\/a><\/p>\n","protected":false},"author":1,"featured_media":0,"parent":0,"menu_order":0,"comment_status":"closed","ping_status":"closed","template":"elementor_header_footer","meta":{"footnotes":""},"class_list":["post-20347","page","type-page","status-publish"],"_links":{"self":[{"href":"https:\/\/maua.g12.br\/site\/index.php\/wp-json\/wp\/v2\/pages\/20347","targetHints":{"allow":["GET"]}}],"collection":[{"href":"https:\/\/maua.g12.br\/site\/index.php\/wp-json\/wp\/v2\/pages"}],"about":[{"href":"https:\/\/maua.g12.br\/site\/index.php\/wp-json\/wp\/v2\/types\/page"}],"author":[{"embeddable":true,"href":"https:\/\/maua.g12.br\/site\/index.php\/wp-json\/wp\/v2\/users\/1"}],"replies":[{"embeddable":true,"href":"https:\/\/maua.g12.br\/site\/index.php\/wp-json\/wp\/v2\/comments?post=20347"}],"version-history":[{"count":38,"href":"https:\/\/maua.g12.br\/site\/index.php\/wp-json\/wp\/v2\/pages\/20347\/revisions"}],"predecessor-version":[{"id":20524,"href":"https:\/\/maua.g12.br\/site\/index.php\/wp-json\/wp\/v2\/pages\/20347\/revisions\/20524"}],"wp:attachment":[{"href":"https:\/\/maua.g12.br\/site\/index.php\/wp-json\/wp\/v2\/media?parent=20347"}],"curies":[{"name":"wp","href":"https:\/\/api.w.org\/{rel}","templated":true}]}}