{"id":230,"date":"2023-04-21T13:36:57","date_gmt":"2023-04-21T13:36:57","guid":{"rendered":"https:\/\/maua.g12.br\/site\/index.php\/laboratorios-2\/"},"modified":"2023-04-21T17:07:49","modified_gmt":"2023-04-21T17:07:49","slug":"laboratorios","status":"publish","type":"page","link":"https:\/\/maua.g12.br\/site\/index.php\/laboratorios\/","title":{"rendered":"Laborat\u00f3rios"},"content":{"rendered":"\t\t<div data-elementor-type=\"wp-page\" data-elementor-id=\"230\" class=\"elementor elementor-230\">\n\t\t\t\t\t\t\t\t\t<section class=\"elementor-section elementor-top-section elementor-element elementor-element-749cb605 elementor-section-content-middle elementor-section-boxed elementor-section-height-default elementor-section-height-default\" data-id=\"749cb605\" data-element_type=\"section\" data-settings=\"{&quot;background_background&quot;:&quot;classic&quot;}\">\n\t\t\t\t\t\t\t<div class=\"elementor-background-overlay\"><\/div>\n\t\t\t\t\t\t\t<div class=\"elementor-container elementor-column-gap-default\">\n\t\t\t\t\t<div class=\"elementor-column elementor-col-100 elementor-top-column elementor-element elementor-element-7ad39c91\" data-id=\"7ad39c91\" data-element_type=\"column\">\n\t\t\t<div class=\"elementor-widget-wrap elementor-element-populated\">\n\t\t\t\t\t\t\t\t<div class=\"elementor-element elementor-element-214cb6e4 elementor-widget elementor-widget-heading\" data-id=\"214cb6e4\" data-element_type=\"widget\" data-widget_type=\"heading.default\">\n\t\t\t\t<div class=\"elementor-widget-container\">\n\t\t\t<style>\/*! elementor - v3.12.1 - 02-04-2023 *\/\n.elementor-heading-title{padding:0;margin:0;line-height:1}.elementor-widget-heading .elementor-heading-title[class*=elementor-size-]>a{color:inherit;font-size:inherit;line-height:inherit}.elementor-widget-heading .elementor-heading-title.elementor-size-small{font-size:15px}.elementor-widget-heading .elementor-heading-title.elementor-size-medium{font-size:19px}.elementor-widget-heading .elementor-heading-title.elementor-size-large{font-size:29px}.elementor-widget-heading .elementor-heading-title.elementor-size-xl{font-size:39px}.elementor-widget-heading .elementor-heading-title.elementor-size-xxl{font-size:59px}<\/style><h1 class=\"elementor-heading-title elementor-size-default\">Laborat\u00f3rios<\/h1>\t\t<\/div>\n\t\t\t\t<\/div>\n\t\t\t\t<div class=\"elementor-element elementor-element-26d89a27 elementor-widget elementor-widget-heading\" data-id=\"26d89a27\" data-element_type=\"widget\" data-widget_type=\"heading.default\">\n\t\t\t\t<div class=\"elementor-widget-container\">\n\t\t\t<h4 class=\"elementor-heading-title elementor-size-default\">Conhecimento aliado a pr\u00e1tica!<\/h4>\t\t<\/div>\n\t\t\t\t<\/div>\n\t\t\t\t\t<\/div>\n\t\t<\/div>\n\t\t\t\t\t\t\t<\/div>\n\t\t<\/section>\n\t\t\t\t<section class=\"elementor-section elementor-top-section elementor-element elementor-element-7dd254ba elementor-section-boxed elementor-section-height-default elementor-section-height-default\" data-id=\"7dd254ba\" data-element_type=\"section\" data-settings=\"{&quot;background_background&quot;:&quot;classic&quot;}\">\n\t\t\t\t\t\t\t<div class=\"elementor-background-overlay\"><\/div>\n\t\t\t\t\t\t\t<div class=\"elementor-container elementor-column-gap-default\">\n\t\t\t\t\t<div class=\"elementor-column elementor-col-100 elementor-top-column elementor-element elementor-element-2b4e4fca\" data-id=\"2b4e4fca\" data-element_type=\"column\">\n\t\t\t<div class=\"elementor-widget-wrap elementor-element-populated\">\n\t\t\t\t\t\t\t\t<div class=\"elementor-element elementor-element-160ce444 elementor-widget elementor-widget-text-editor\" data-id=\"160ce444\" data-element_type=\"widget\" data-widget_type=\"text-editor.default\">\n\t\t\t\t<div class=\"elementor-widget-container\">\n\t\t\t<style>\/*! elementor - v3.12.1 - 02-04-2023 *\/\n.elementor-widget-text-editor.elementor-drop-cap-view-stacked .elementor-drop-cap{background-color:#69727d;color:#fff}.elementor-widget-text-editor.elementor-drop-cap-view-framed .elementor-drop-cap{color:#69727d;border:3px solid;background-color:transparent}.elementor-widget-text-editor:not(.elementor-drop-cap-view-default) .elementor-drop-cap{margin-top:8px}.elementor-widget-text-editor:not(.elementor-drop-cap-view-default) .elementor-drop-cap-letter{width:1em;height:1em}.elementor-widget-text-editor .elementor-drop-cap{float:left;text-align:center;line-height:1;font-size:50px}.elementor-widget-text-editor .elementor-drop-cap-letter{display:inline-block}<\/style>\t\t\t\t<p>A escola conta com tr\u00eas laborat\u00f3rios na \u00e1rea de ci\u00eancias \u2013 Biologia, Qu\u00edmica e F\u00edsica \u2013, todos com capacidade para cerca de 40 alunos, que s\u00e3o utilizados de acordo com a atividade pr\u00e1tica proposta. Cada um possui equipamentos espec\u00edficos da \u00e1rea, proporcionando aos alunos um maior conhecimento pr\u00e1tico.<\/p>\t\t\t\t\t\t<\/div>\n\t\t\t\t<\/div>\n\t\t\t\t<section class=\"elementor-section elementor-inner-section elementor-element elementor-element-769e9f42 elementor-section-boxed elementor-section-height-default elementor-section-height-default\" data-id=\"769e9f42\" data-element_type=\"section\">\n\t\t\t\t\t\t<div class=\"elementor-container elementor-column-gap-default\">\n\t\t\t\t\t<div class=\"elementor-column elementor-col-50 elementor-inner-column elementor-element elementor-element-37a915cb\" data-id=\"37a915cb\" data-element_type=\"column\">\n\t\t\t<div class=\"elementor-widget-wrap elementor-element-populated\">\n\t\t\t\t\t\t\t\t<div class=\"elementor-element elementor-element-6e15810 ekit-equal-height-enable elementor-widget elementor-widget-elementskit-icon-box\" data-id=\"6e15810\" data-element_type=\"widget\" data-widget_type=\"elementskit-icon-box.default\">\n\t\t\t\t<div class=\"elementor-widget-container\">\n\t\t\t<div class=\"ekit-wid-con\" >        <!-- link opening -->\n                <!-- end link opening -->\n\n        <div class=\"elementskit-infobox text-center text- icon-top-align elementor-animation-   \">\n                    <div class=\"elementskit-box-header elementor-animation-\">\n                <div class=\"elementskit-info-box-icon  \">\n                    <i aria-hidden=\"true\" class=\"elementkit-infobox-icon fas fa-cogs\"><\/i>\n                <\/div>\n          <\/div>\n                        <div class=\"box-body\">\n                            <div class=\"elementskit-info-box-title\">\n                    Laborat\u00f3rio de F\u00edsica                <\/div>\n                        \t\t  <p>Possui cuba de onda, banco \u00f3ptico, dilat\u00f4metros, gerador eletrost\u00e1tico, amper\u00edmetros, pain\u00e9is para resistores e eletricidade em geral, b\u00fassolas, plano inclinado, bico de bunsen, material bibliogr\u00e1fico. Al\u00e9m das disciplinas espec\u00edficas, como biologia, qu\u00edmica e f\u00edsica, os laborat\u00f3rios atendem ainda as aulas de ci\u00eancias em geral, de 4\u00aa a 8\u00aa s\u00e9rie.<\/p>\n                                <\/div>\n        \n        \n                <\/div>\n        <\/div>\t\t<\/div>\n\t\t\t\t<\/div>\n\t\t\t\t\t<\/div>\n\t\t<\/div>\n\t\t\t\t<div class=\"elementor-column elementor-col-50 elementor-inner-column elementor-element elementor-element-67369b24\" data-id=\"67369b24\" data-element_type=\"column\">\n\t\t\t<div class=\"elementor-widget-wrap elementor-element-populated\">\n\t\t\t\t\t\t\t\t<div class=\"elementor-element elementor-element-752894d6 ekit-equal-height-enable elementor-widget elementor-widget-elementskit-icon-box\" data-id=\"752894d6\" data-element_type=\"widget\" data-widget_type=\"elementskit-icon-box.default\">\n\t\t\t\t<div class=\"elementor-widget-container\">\n\t\t\t<div class=\"ekit-wid-con\" >        <!-- link opening -->\n                <!-- end link opening -->\n\n        <div class=\"elementskit-infobox text-center text- icon-top-align elementor-animation-   \">\n                    <div class=\"elementskit-box-header elementor-animation-\">\n                <div class=\"elementskit-info-box-icon  \">\n                    <i aria-hidden=\"true\" class=\"elementkit-infobox-icon fas fa-bacteria\"><\/i>\n                <\/div>\n          <\/div>\n                        <div class=\"box-body\">\n                            <div class=\"elementskit-info-box-title\">\n                    Laborat\u00f3rio de Biologia                <\/div>\n                        \t\t  <p>\u00c9 composto por microsc\u00f3pios, lupas de mesa e de m\u00e3o, modelos anat\u00f4micos para estudo do corpo humano e \u00f3rg\u00e3os em geral, pain\u00e9is espec\u00edficos sobre grupos distintos de seres vivos, maquetes \u2013 elaboradas pelos alunos \u2013, material bibliogr\u00e1fico, animais conservados em \u00e1lcool e formol para observa\u00e7\u00e3o direta em aulas pr\u00e1ticas.<\/p>\n                                <\/div>\n        \n        \n                <\/div>\n        <\/div>\t\t<\/div>\n\t\t\t\t<\/div>\n\t\t\t\t\t<\/div>\n\t\t<\/div>\n\t\t\t\t\t\t\t<\/div>\n\t\t<\/section>\n\t\t\t\t<section class=\"elementor-section elementor-inner-section elementor-element elementor-element-537608a9 elementor-section-boxed elementor-section-height-default elementor-section-height-default\" data-id=\"537608a9\" data-element_type=\"section\">\n\t\t\t\t\t\t<div class=\"elementor-container elementor-column-gap-default\">\n\t\t\t\t\t<div class=\"elementor-column elementor-col-50 elementor-inner-column elementor-element elementor-element-1b4a7cb6\" data-id=\"1b4a7cb6\" data-element_type=\"column\">\n\t\t\t<div class=\"elementor-widget-wrap elementor-element-populated\">\n\t\t\t\t\t\t\t\t<div class=\"elementor-element elementor-element-5cab9e5c ekit-equal-height-enable elementor-widget elementor-widget-elementskit-icon-box\" data-id=\"5cab9e5c\" data-element_type=\"widget\" data-widget_type=\"elementskit-icon-box.default\">\n\t\t\t\t<div class=\"elementor-widget-container\">\n\t\t\t<div class=\"ekit-wid-con\" >        <!-- link opening -->\n                <!-- end link opening -->\n\n        <div class=\"elementskit-infobox text-center text- icon-top-align elementor-animation-   \">\n                    <div class=\"elementskit-box-header elementor-animation-\">\n                <div class=\"elementskit-info-box-icon  \">\n                    <i aria-hidden=\"true\" class=\"elementkit-infobox-icon fas fa-flask\"><\/i>\n                <\/div>\n          <\/div>\n                        <div class=\"box-body\">\n                            <div class=\"elementskit-info-box-title\">\n                    Laborat\u00f3rio de Qu\u00edmica                <\/div>\n                        \t\t  <p>Cont\u00e9m reagentes qu\u00edmicos e vidrarias em geral, balan\u00e7a simples e de precis\u00e3o, estufa, centr\u00edfuga, banho-maria, c\u00e2mara de fluxo laminar (capela), pHag\u00e2metro, bico de bunsen material bibliogr\u00e1fico.<\/p>\n                                <\/div>\n        \n        \n                <\/div>\n        <\/div>\t\t<\/div>\n\t\t\t\t<\/div>\n\t\t\t\t\t<\/div>\n\t\t<\/div>\n\t\t\t\t<div class=\"elementor-column elementor-col-50 elementor-inner-column elementor-element elementor-element-6872db20\" data-id=\"6872db20\" data-element_type=\"column\">\n\t\t\t<div class=\"elementor-widget-wrap\">\n\t\t\t\t\t\t\t\t\t<\/div>\n\t\t<\/div>\n\t\t\t\t\t\t\t<\/div>\n\t\t<\/section>\n\t\t\t\t<div class=\"elementor-element elementor-element-574c8a8d elementor-widget elementor-widget-spacer\" data-id=\"574c8a8d\" data-element_type=\"widget\" data-widget_type=\"spacer.default\">\n\t\t\t\t<div class=\"elementor-widget-container\">\n\t\t\t<style>\/*! elementor - v3.12.1 - 02-04-2023 *\/\n.elementor-column .elementor-spacer-inner{height:var(--spacer-size)}.e-con{--container-widget-width:100%}.e-con-inner>.elementor-widget-spacer,.e-con>.elementor-widget-spacer{width:var(--container-widget-width,var(--spacer-size));--align-self:var(--container-widget-align-self,initial);--flex-shrink:0}.e-con-inner>.elementor-widget-spacer>.elementor-widget-container,.e-con-inner>.elementor-widget-spacer>.elementor-widget-container>.elementor-spacer,.e-con>.elementor-widget-spacer>.elementor-widget-container,.e-con>.elementor-widget-spacer>.elementor-widget-container>.elementor-spacer{height:100%}.e-con-inner>.elementor-widget-spacer>.elementor-widget-container>.elementor-spacer>.elementor-spacer-inner,.e-con>.elementor-widget-spacer>.elementor-widget-container>.elementor-spacer>.elementor-spacer-inner{height:var(--container-widget-height,var(--spacer-size))}<\/style>\t\t<div class=\"elementor-spacer\">\n\t\t\t<div class=\"elementor-spacer-inner\"><\/div>\n\t\t<\/div>\n\t\t\t\t<\/div>\n\t\t\t\t<\/div>\n\t\t\t\t<div class=\"elementor-element elementor-element-87b244e elementor-arrows-position-outside elementor-widget elementor-widget-image-carousel\" data-id=\"87b244e\" data-element_type=\"widget\" data-settings=\"{&quot;slides_to_show&quot;:&quot;2&quot;,&quot;navigation&quot;:&quot;arrows&quot;,&quot;autoplay&quot;:&quot;yes&quot;,&quot;pause_on_hover&quot;:&quot;yes&quot;,&quot;pause_on_interaction&quot;:&quot;yes&quot;,&quot;autoplay_speed&quot;:5000,&quot;infinite&quot;:&quot;yes&quot;,&quot;speed&quot;:500,&quot;image_spacing_custom&quot;:{&quot;unit&quot;:&quot;px&quot;,&quot;size&quot;:20,&quot;sizes&quot;:[]},&quot;image_spacing_custom_tablet&quot;:{&quot;unit&quot;:&quot;px&quot;,&quot;size&quot;:&quot;&quot;,&quot;sizes&quot;:[]},&quot;image_spacing_custom_mobile&quot;:{&quot;unit&quot;:&quot;px&quot;,&quot;size&quot;:&quot;&quot;,&quot;sizes&quot;:[]}}\" data-widget_type=\"image-carousel.default\">\n\t\t\t\t<div class=\"elementor-widget-container\">\n\t\t\t<style>\/*! elementor - v3.12.1 - 02-04-2023 *\/\n.elementor-widget-image-carousel .swiper,.elementor-widget-image-carousel .swiper-container{position:static}.elementor-widget-image-carousel .swiper-container .swiper-slide figure,.elementor-widget-image-carousel .swiper .swiper-slide figure{line-height:inherit}.elementor-widget-image-carousel .swiper-slide{text-align:center}.elementor-image-carousel-wrapper:not(.swiper-container-initialized) .swiper-slide,.elementor-image-carousel-wrapper:not(.swiper-initialized) .swiper-slide{max-width:calc(100% \/ var(--e-image-carousel-slides-to-show, 3))}<\/style>\t\t<div class=\"elementor-image-carousel-wrapper swiper\" dir=\"ltr\">\n\t\t\t<div class=\"elementor-image-carousel swiper-wrapper swiper-image-stretch\">\n\t\t\t\t\t\t\t\t<div class=\"swiper-slide\"><a data-elementor-open-lightbox=\"yes\" data-elementor-lightbox-slideshow=\"87b244e\" data-elementor-lightbox-title=\"laboratorios-maua-3.jpg\" data-e-action-hash=\"#elementor-action%3Aaction%3Dlightbox%26settings%3DeyJpZCI6Ijg5IiwidXJsIjoiaHR0cHM6XC9cL21hdWEuZzEyLmJyXC9zaXRlXC93cC1jb250ZW50XC91cGxvYWRzXC8yMDIzXC8wNFwvbGFib3JhdG9yaW9zLW1hdWEtMy5qcGciLCJzbGlkZXNob3ciOiI4N2IyNDRlIn0%3D\" href=\"https:\/\/maua.g12.br\/site\/wp-content\/uploads\/2023\/04\/laboratorios-maua-3.jpg\"><figure class=\"swiper-slide-inner\"><img decoding=\"async\" class=\"swiper-slide-image\" src=\"https:\/\/maua.g12.br\/site\/wp-content\/uploads\/2023\/04\/laboratorios-maua-3.jpg\" alt=\"laboratorios-maua-3.jpg\" \/><\/figure><\/a><\/div><div class=\"swiper-slide\"><a data-elementor-open-lightbox=\"yes\" data-elementor-lightbox-slideshow=\"87b244e\" data-elementor-lightbox-title=\"laboratorios-maua-4.jpg\" data-e-action-hash=\"#elementor-action%3Aaction%3Dlightbox%26settings%3DeyJpZCI6IjkwIiwidXJsIjoiaHR0cHM6XC9cL21hdWEuZzEyLmJyXC9zaXRlXC93cC1jb250ZW50XC91cGxvYWRzXC8yMDIzXC8wNFwvbGFib3JhdG9yaW9zLW1hdWEtNC5qcGciLCJzbGlkZXNob3ciOiI4N2IyNDRlIn0%3D\" href=\"https:\/\/maua.g12.br\/site\/wp-content\/uploads\/2023\/04\/laboratorios-maua-4.jpg\"><figure class=\"swiper-slide-inner\"><img decoding=\"async\" class=\"swiper-slide-image\" src=\"https:\/\/maua.g12.br\/site\/wp-content\/uploads\/2023\/04\/laboratorios-maua-4.jpg\" alt=\"laboratorios-maua-4.jpg\" \/><\/figure><\/a><\/div><div class=\"swiper-slide\"><a data-elementor-open-lightbox=\"yes\" data-elementor-lightbox-slideshow=\"87b244e\" data-elementor-lightbox-title=\"laboratorios-maua-5.jpg\" data-e-action-hash=\"#elementor-action%3Aaction%3Dlightbox%26settings%3DeyJpZCI6IjkxIiwidXJsIjoiaHR0cHM6XC9cL21hdWEuZzEyLmJyXC9zaXRlXC93cC1jb250ZW50XC91cGxvYWRzXC8yMDIzXC8wNFwvbGFib3JhdG9yaW9zLW1hdWEtNS5qcGciLCJzbGlkZXNob3ciOiI4N2IyNDRlIn0%3D\" href=\"https:\/\/maua.g12.br\/site\/wp-content\/uploads\/2023\/04\/laboratorios-maua-5.jpg\"><figure class=\"swiper-slide-inner\"><img decoding=\"async\" class=\"swiper-slide-image\" src=\"https:\/\/maua.g12.br\/site\/wp-content\/uploads\/2023\/04\/laboratorios-maua-5.jpg\" alt=\"laboratorios-maua-5.jpg\" \/><\/figure><\/a><\/div><div class=\"swiper-slide\"><a data-elementor-open-lightbox=\"yes\" data-elementor-lightbox-slideshow=\"87b244e\" data-elementor-lightbox-title=\"laboratorios-maua-6.jpg\" data-e-action-hash=\"#elementor-action%3Aaction%3Dlightbox%26settings%3DeyJpZCI6IjkyIiwidXJsIjoiaHR0cHM6XC9cL21hdWEuZzEyLmJyXC9zaXRlXC93cC1jb250ZW50XC91cGxvYWRzXC8yMDIzXC8wNFwvbGFib3JhdG9yaW9zLW1hdWEtNi5qcGciLCJzbGlkZXNob3ciOiI4N2IyNDRlIn0%3D\" href=\"https:\/\/maua.g12.br\/site\/wp-content\/uploads\/2023\/04\/laboratorios-maua-6.jpg\"><figure class=\"swiper-slide-inner\"><img decoding=\"async\" class=\"swiper-slide-image\" src=\"https:\/\/maua.g12.br\/site\/wp-content\/uploads\/2023\/04\/laboratorios-maua-6.jpg\" alt=\"laboratorios-maua-6.jpg\" \/><\/figure><\/a><\/div><div class=\"swiper-slide\"><a data-elementor-open-lightbox=\"yes\" data-elementor-lightbox-slideshow=\"87b244e\" data-elementor-lightbox-title=\"laboratorios-maua-7.jpg\" data-e-action-hash=\"#elementor-action%3Aaction%3Dlightbox%26settings%3DeyJpZCI6IjkzIiwidXJsIjoiaHR0cHM6XC9cL21hdWEuZzEyLmJyXC9zaXRlXC93cC1jb250ZW50XC91cGxvYWRzXC8yMDIzXC8wNFwvbGFib3JhdG9yaW9zLW1hdWEtNy5qcGciLCJzbGlkZXNob3ciOiI4N2IyNDRlIn0%3D\" href=\"https:\/\/maua.g12.br\/site\/wp-content\/uploads\/2023\/04\/laboratorios-maua-7.jpg\"><figure class=\"swiper-slide-inner\"><img decoding=\"async\" class=\"swiper-slide-image\" src=\"https:\/\/maua.g12.br\/site\/wp-content\/uploads\/2023\/04\/laboratorios-maua-7.jpg\" alt=\"laboratorios-maua-7.jpg\" \/><\/figure><\/a><\/div><div class=\"swiper-slide\"><a data-elementor-open-lightbox=\"yes\" data-elementor-lightbox-slideshow=\"87b244e\" data-elementor-lightbox-title=\"laboratorios-maua-8.jpg\" data-e-action-hash=\"#elementor-action%3Aaction%3Dlightbox%26settings%3DeyJpZCI6Ijk0IiwidXJsIjoiaHR0cHM6XC9cL21hdWEuZzEyLmJyXC9zaXRlXC93cC1jb250ZW50XC91cGxvYWRzXC8yMDIzXC8wNFwvbGFib3JhdG9yaW9zLW1hdWEtOC5qcGciLCJzbGlkZXNob3ciOiI4N2IyNDRlIn0%3D\" href=\"https:\/\/maua.g12.br\/site\/wp-content\/uploads\/2023\/04\/laboratorios-maua-8.jpg\"><figure class=\"swiper-slide-inner\"><img decoding=\"async\" class=\"swiper-slide-image\" src=\"https:\/\/maua.g12.br\/site\/wp-content\/uploads\/2023\/04\/laboratorios-maua-8.jpg\" alt=\"laboratorios-maua-8.jpg\" \/><\/figure><\/a><\/div><div class=\"swiper-slide\"><a data-elementor-open-lightbox=\"yes\" data-elementor-lightbox-slideshow=\"87b244e\" data-elementor-lightbox-title=\"lab-quimica-maua-1.jpg\" data-e-action-hash=\"#elementor-action%3Aaction%3Dlightbox%26settings%3DeyJpZCI6Ijk1IiwidXJsIjoiaHR0cHM6XC9cL21hdWEuZzEyLmJyXC9zaXRlXC93cC1jb250ZW50XC91cGxvYWRzXC8yMDIzXC8wNFwvbGFiLXF1aW1pY2EtbWF1YS0xLmpwZyIsInNsaWRlc2hvdyI6Ijg3YjI0NGUifQ%3D%3D\" href=\"https:\/\/maua.g12.br\/site\/wp-content\/uploads\/2023\/04\/lab-quimica-maua-1.jpg\"><figure class=\"swiper-slide-inner\"><img decoding=\"async\" class=\"swiper-slide-image\" src=\"https:\/\/maua.g12.br\/site\/wp-content\/uploads\/2023\/04\/lab-quimica-maua-1.jpg\" alt=\"lab-quimica-maua-1.jpg\" \/><\/figure><\/a><\/div><div class=\"swiper-slide\"><a data-elementor-open-lightbox=\"yes\" data-elementor-lightbox-slideshow=\"87b244e\" data-elementor-lightbox-title=\"lab-quimica-maua-2-1.jpg\" data-e-action-hash=\"#elementor-action%3Aaction%3Dlightbox%26settings%3DeyJpZCI6Ijk2IiwidXJsIjoiaHR0cHM6XC9cL21hdWEuZzEyLmJyXC9zaXRlXC93cC1jb250ZW50XC91cGxvYWRzXC8yMDIzXC8wNFwvbGFiLXF1aW1pY2EtbWF1YS0yLTEuanBnIiwic2xpZGVzaG93IjoiODdiMjQ0ZSJ9\" href=\"https:\/\/maua.g12.br\/site\/wp-content\/uploads\/2023\/04\/lab-quimica-maua-2-1.jpg\"><figure class=\"swiper-slide-inner\"><img decoding=\"async\" class=\"swiper-slide-image\" src=\"https:\/\/maua.g12.br\/site\/wp-content\/uploads\/2023\/04\/lab-quimica-maua-2-1.jpg\" alt=\"lab-quimica-maua-2-1.jpg\" \/><\/figure><\/a><\/div><div class=\"swiper-slide\"><a data-elementor-open-lightbox=\"yes\" data-elementor-lightbox-slideshow=\"87b244e\" data-elementor-lightbox-title=\"lab-quimica-maua-3.jpg\" data-e-action-hash=\"#elementor-action%3Aaction%3Dlightbox%26settings%3DeyJpZCI6Ijk3IiwidXJsIjoiaHR0cHM6XC9cL21hdWEuZzEyLmJyXC9zaXRlXC93cC1jb250ZW50XC91cGxvYWRzXC8yMDIzXC8wNFwvbGFiLXF1aW1pY2EtbWF1YS0zLmpwZyIsInNsaWRlc2hvdyI6Ijg3YjI0NGUifQ%3D%3D\" href=\"https:\/\/maua.g12.br\/site\/wp-content\/uploads\/2023\/04\/lab-quimica-maua-3.jpg\"><figure class=\"swiper-slide-inner\"><img decoding=\"async\" class=\"swiper-slide-image\" src=\"https:\/\/maua.g12.br\/site\/wp-content\/uploads\/2023\/04\/lab-quimica-maua-3.jpg\" alt=\"lab-quimica-maua-3.jpg\" \/><\/figure><\/a><\/div>\t\t\t<\/div>\n\t\t\t\t\t\t\t\t\t\t\t\t\t\t\t\t<div class=\"elementor-swiper-button elementor-swiper-button-prev\">\n\t\t\t\t\t\t<i aria-hidden=\"true\" class=\"eicon-chevron-left\"><\/i>\t\t\t\t\t\t<span class=\"elementor-screen-only\">Anterior<\/span>\n\t\t\t\t\t<\/div>\n\t\t\t\t\t<div class=\"elementor-swiper-button elementor-swiper-button-next\">\n\t\t\t\t\t\t<i aria-hidden=\"true\" class=\"eicon-chevron-right\"><\/i>\t\t\t\t\t\t<span class=\"elementor-screen-only\">Pr\u00f3ximo<\/span>\n\t\t\t\t\t<\/div>\n\t\t\t\t\t\t\t\t\t<\/div>\n\t\t\t\t<\/div>\n\t\t\t\t<\/div>\n\t\t\t\t<section class=\"elementor-section elementor-inner-section elementor-element elementor-element-5e25968a elementor-section-boxed elementor-section-height-default elementor-section-height-default\" data-id=\"5e25968a\" data-element_type=\"section\" data-settings=\"{&quot;background_background&quot;:&quot;classic&quot;}\">\n\t\t\t\t\t\t<div class=\"elementor-container elementor-column-gap-default\">\n\t\t\t\t\t<div class=\"elementor-column elementor-col-100 elementor-inner-column elementor-element elementor-element-9c6943\" data-id=\"9c6943\" data-element_type=\"column\">\n\t\t\t<div class=\"elementor-widget-wrap elementor-element-populated\">\n\t\t\t\t\t\t\t\t<div class=\"elementor-element elementor-element-5aed015f elementor-widget elementor-widget-heading\" data-id=\"5aed015f\" data-element_type=\"widget\" data-widget_type=\"heading.default\">\n\t\t\t\t<div class=\"elementor-widget-container\">\n\t\t\t<h4 class=\"elementor-heading-title elementor-size-default\">Normas para Utiliza\u00e7\u00e3o dos Laborat\u00f3rios<\/h4>\t\t<\/div>\n\t\t\t\t<\/div>\n\t\t\t\t<div class=\"elementor-element elementor-element-469d662 elementor-widget elementor-widget-text-editor\" data-id=\"469d662\" data-element_type=\"widget\" data-widget_type=\"text-editor.default\">\n\t\t\t\t<div class=\"elementor-widget-container\">\n\t\t\t\t\t\t\t<p>Uso de jaleco em aulas pr\u00e1ticas onde se ir\u00e1 manipular reagentes qu\u00edmicos; N\u00e3o ingerir alimentos no interior dos laborat\u00f3rios; Os laborat\u00f3rios est\u00e3o tamb\u00e9m \u00e0 disposi\u00e7\u00e3o para empr\u00e9stimo de materiais e livros, os quais devem ser agendados e registrados no ato da retirada.<\/p>\t\t\t\t\t\t<\/div>\n\t\t\t\t<\/div>\n\t\t\t\t\t<\/div>\n\t\t<\/div>\n\t\t\t\t\t\t\t<\/div>\n\t\t<\/section>\n\t\t\t\t\t<\/div>\n\t\t<\/div>\n\t\t\t\t\t\t\t<\/div>\n\t\t<\/section>\n\t\t\t\t\t\t\t<\/div>\n\t\t","protected":false},"excerpt":{"rendered":"<p>Conhecimento aliado a pr\u00e1tica! A escola conta com tr\u00eas laborat\u00f3rios na \u00e1rea de ci\u00eancias \u2013 Biologia, Qu\u00edmica e F\u00edsica \u2013, todos com capacidade para cerca de 40 alunos, que s\u00e3o utilizados de acordo com a atividade pr\u00e1tica proposta. Cada um possui equipamentos espec\u00edficos da \u00e1rea, proporcionando aos alunos um maior conhecimento pr\u00e1tico. Laborat\u00f3rio de F\u00edsica &#8230; <a title=\"Laborat\u00f3rios\" class=\"read-more\" href=\"https:\/\/maua.g12.br\/site\/index.php\/laboratorios\/\" aria-label=\"More on Laborat\u00f3rios\">Ler mais<\/a><\/p>\n","protected":false},"author":1,"featured_media":0,"parent":0,"menu_order":0,"comment_status":"closed","ping_status":"closed","template":"elementor_header_footer","meta":{"footnotes":""},"class_list":["post-230","page","type-page","status-publish"],"_links":{"self":[{"href":"https:\/\/maua.g12.br\/site\/index.php\/wp-json\/wp\/v2\/pages\/230","targetHints":{"allow":["GET"]}}],"collection":[{"href":"https:\/\/maua.g12.br\/site\/index.php\/wp-json\/wp\/v2\/pages"}],"about":[{"href":"https:\/\/maua.g12.br\/site\/index.php\/wp-json\/wp\/v2\/types\/page"}],"author":[{"embeddable":true,"href":"https:\/\/maua.g12.br\/site\/index.php\/wp-json\/wp\/v2\/users\/1"}],"replies":[{"embeddable":true,"href":"https:\/\/maua.g12.br\/site\/index.php\/wp-json\/wp\/v2\/comments?post=230"}],"version-history":[{"count":0,"href":"https:\/\/maua.g12.br\/site\/index.php\/wp-json\/wp\/v2\/pages\/230\/revisions"}],"wp:attachment":[{"href":"https:\/\/maua.g12.br\/site\/index.php\/wp-json\/wp\/v2\/media?parent=230"}],"curies":[{"name":"wp","href":"https:\/\/api.w.org\/{rel}","templated":true}]}}