{"id":278,"date":"2023-04-21T13:38:07","date_gmt":"2023-04-21T13:38:07","guid":{"rendered":"https:\/\/maua.g12.br\/site\/index.php\/teatro-maua\/"},"modified":"2024-04-10T20:19:00","modified_gmt":"2024-04-10T20:19:00","slug":"teatro-maua","status":"publish","type":"page","link":"https:\/\/maua.g12.br\/site\/index.php\/teatro-maua\/","title":{"rendered":"Teatro Mau\u00e1"},"content":{"rendered":"\t\t<div data-elementor-type=\"wp-page\" data-elementor-id=\"278\" class=\"elementor elementor-278\">\n\t\t\t\t\t\t\t\t\t<section class=\"elementor-section elementor-top-section elementor-element elementor-element-51e7bf15 elementor-section-content-middle elementor-section-boxed elementor-section-height-default elementor-section-height-default\" data-id=\"51e7bf15\" data-element_type=\"section\" data-settings=\"{&quot;background_background&quot;:&quot;classic&quot;}\">\n\t\t\t\t\t\t\t<div class=\"elementor-background-overlay\"><\/div>\n\t\t\t\t\t\t\t<div class=\"elementor-container elementor-column-gap-default\">\n\t\t\t\t\t<div class=\"elementor-column elementor-col-100 elementor-top-column elementor-element elementor-element-1206aef3\" data-id=\"1206aef3\" data-element_type=\"column\">\n\t\t\t<div class=\"elementor-widget-wrap elementor-element-populated\">\n\t\t\t\t\t\t\t\t<div class=\"elementor-element elementor-element-65c25ae2 elementor-widget elementor-widget-heading\" data-id=\"65c25ae2\" data-element_type=\"widget\" data-widget_type=\"heading.default\">\n\t\t\t\t<div class=\"elementor-widget-container\">\n\t\t\t<style>\/*! elementor - v3.12.1 - 02-04-2023 *\/\n.elementor-heading-title{padding:0;margin:0;line-height:1}.elementor-widget-heading .elementor-heading-title[class*=elementor-size-]>a{color:inherit;font-size:inherit;line-height:inherit}.elementor-widget-heading .elementor-heading-title.elementor-size-small{font-size:15px}.elementor-widget-heading .elementor-heading-title.elementor-size-medium{font-size:19px}.elementor-widget-heading .elementor-heading-title.elementor-size-large{font-size:29px}.elementor-widget-heading .elementor-heading-title.elementor-size-xl{font-size:39px}.elementor-widget-heading .elementor-heading-title.elementor-size-xxl{font-size:59px}<\/style><h1 class=\"elementor-heading-title elementor-size-default\">Teatro Mau\u00e1<\/h1>\t\t<\/div>\n\t\t\t\t<\/div>\n\t\t\t\t<div class=\"elementor-element elementor-element-64d157fa elementor-widget elementor-widget-heading\" data-id=\"64d157fa\" data-element_type=\"widget\" data-widget_type=\"heading.default\">\n\t\t\t\t<div class=\"elementor-widget-container\">\n\t\t\t<h4 class=\"elementor-heading-title elementor-size-default\">Desenvolvendo Talentos!<\/h4>\t\t<\/div>\n\t\t\t\t<\/div>\n\t\t\t\t\t<\/div>\n\t\t<\/div>\n\t\t\t\t\t\t\t<\/div>\n\t\t<\/section>\n\t\t\t\t<section class=\"elementor-section elementor-top-section elementor-element elementor-element-55d3aac elementor-section-boxed elementor-section-height-default elementor-section-height-default\" data-id=\"55d3aac\" data-element_type=\"section\">\n\t\t\t\t\t\t<div class=\"elementor-container elementor-column-gap-default\">\n\t\t\t\t\t<div class=\"elementor-column elementor-col-50 elementor-top-column elementor-element elementor-element-54350eb3\" data-id=\"54350eb3\" data-element_type=\"column\">\n\t\t\t<div class=\"elementor-widget-wrap elementor-element-populated\">\n\t\t\t\t\t\t\t\t<div class=\"elementor-element elementor-element-1a5b8b2e elementor-widget elementor-widget-heading\" data-id=\"1a5b8b2e\" data-element_type=\"widget\" data-widget_type=\"heading.default\">\n\t\t\t\t<div class=\"elementor-widget-container\">\n\t\t\t<h2 class=\"elementor-heading-title elementor-size-default\">Apresenta\u00e7\u00e3o<\/h2>\t\t<\/div>\n\t\t\t\t<\/div>\n\t\t\t\t<div class=\"elementor-element elementor-element-3998b0b0 elementor-widget elementor-widget-text-editor\" data-id=\"3998b0b0\" data-element_type=\"widget\" data-widget_type=\"text-editor.default\">\n\t\t\t\t<div class=\"elementor-widget-container\">\n\t\t\t<style>\/*! elementor - v3.12.1 - 02-04-2023 *\/\n.elementor-widget-text-editor.elementor-drop-cap-view-stacked .elementor-drop-cap{background-color:#69727d;color:#fff}.elementor-widget-text-editor.elementor-drop-cap-view-framed .elementor-drop-cap{color:#69727d;border:3px solid;background-color:transparent}.elementor-widget-text-editor:not(.elementor-drop-cap-view-default) .elementor-drop-cap{margin-top:8px}.elementor-widget-text-editor:not(.elementor-drop-cap-view-default) .elementor-drop-cap-letter{width:1em;height:1em}.elementor-widget-text-editor .elementor-drop-cap{float:left;text-align:center;line-height:1;font-size:50px}.elementor-widget-text-editor .elementor-drop-cap-letter{display:inline-block}<\/style>\t\t\t\t<p>O teatro do Col\u00e9gio Mau\u00e1 constitui-se como um dos mais modernos do Estado. Inaugurado em novembro de 2001, a sua constru\u00e7\u00e3o supriu a necessidade de um espa\u00e7o cultural junto \u00e0 escola, pois era desejado desde a transfer\u00eancia do Mau\u00e1, em 1981, do Centro para a \u00e1rea do Lar do Estudante. Sempre havia uma necessidade de deslocamento para o teatro que ficava no complexo do Centro, o que dificultava as a\u00e7\u00f5es. Por ser um dos mais modernos do Estado, tamb\u00e9m tem recursos para grandes espet\u00e1culos. J\u00e1 abrigou as pe\u00e7as das melhores companhias do RS e tamb\u00e9m do Brasil. Al\u00e9m disso, o local \u00e9 utilizado para o descobrimento de voca\u00e7\u00f5es e o desenvolvimento de talentos entre os estudantes da escola. A \u00e1rea foi adquirida em 1999 e tem entrada lateral para os alunos e a principal (frontal) pela Rua Crist\u00f3v\u00e3o Colombo. Tem capacidade para 711 lugares. Est\u00e1 dispon\u00edvel para loca\u00e7\u00e3o de eventos. Para tanto, basta entrar em contato com a dire\u00e7\u00e3o.<\/p>\t\t\t\t\t\t<\/div>\n\t\t\t\t<\/div>\n\t\t\t\t\t<\/div>\n\t\t<\/div>\n\t\t\t\t<div class=\"elementor-column elementor-col-50 elementor-top-column elementor-element elementor-element-17e4906e\" data-id=\"17e4906e\" data-element_type=\"column\">\n\t\t\t<div class=\"elementor-widget-wrap elementor-element-populated\">\n\t\t\t\t\t\t\t\t<div class=\"elementor-element elementor-element-24db90ed elementor-widget elementor-widget-image\" data-id=\"24db90ed\" data-element_type=\"widget\" data-widget_type=\"image.default\">\n\t\t\t\t<div class=\"elementor-widget-container\">\n\t\t\t<style>\/*! elementor - v3.12.1 - 02-04-2023 *\/\n.elementor-widget-image{text-align:center}.elementor-widget-image a{display:inline-block}.elementor-widget-image a img[src$=\".svg\"]{width:48px}.elementor-widget-image img{vertical-align:middle;display:inline-block}<\/style>\t\t\t\t\t\t\t\t\t\t\t\t<img decoding=\"async\" width=\"960\" height=\"640\" src=\"https:\/\/maua.g12.br\/site\/wp-content\/uploads\/2023\/04\/foto-teatro-plateia.jpg\" class=\"attachment-large size-large wp-image-279\" alt=\"\" srcset=\"https:\/\/maua.g12.br\/site\/wp-content\/uploads\/2023\/04\/foto-teatro-plateia.jpg 960w, https:\/\/maua.g12.br\/site\/wp-content\/uploads\/2023\/04\/foto-teatro-plateia-300x200.jpg 300w, https:\/\/maua.g12.br\/site\/wp-content\/uploads\/2023\/04\/foto-teatro-plateia-768x512.jpg 768w\" sizes=\"(max-width: 960px) 100vw, 960px\" \/>\t\t\t\t\t\t\t\t\t\t\t\t\t\t\t<\/div>\n\t\t\t\t<\/div>\n\t\t\t\t\t<\/div>\n\t\t<\/div>\n\t\t\t\t\t\t\t<\/div>\n\t\t<\/section>\n\t\t\t\t<section class=\"elementor-section elementor-top-section elementor-element elementor-element-76fb6b4e elementor-section-boxed elementor-section-height-default elementor-section-height-default\" data-id=\"76fb6b4e\" data-element_type=\"section\" data-settings=\"{&quot;background_background&quot;:&quot;classic&quot;}\">\n\t\t\t\t\t\t\t<div class=\"elementor-background-overlay\"><\/div>\n\t\t\t\t\t\t\t<div class=\"elementor-container elementor-column-gap-default\">\n\t\t\t\t\t<div class=\"elementor-column elementor-col-50 elementor-top-column elementor-element elementor-element-157ab48\" data-id=\"157ab48\" data-element_type=\"column\">\n\t\t\t<div class=\"elementor-widget-wrap elementor-element-populated\">\n\t\t\t\t\t\t\t\t<div class=\"elementor-element elementor-element-59faf8ec elementor-widget elementor-widget-heading\" data-id=\"59faf8ec\" data-element_type=\"widget\" data-widget_type=\"heading.default\">\n\t\t\t\t<div class=\"elementor-widget-container\">\n\t\t\t<h2 class=\"elementor-heading-title elementor-size-default\">Informa\u00e7\u00f5es T\u00e9cnicas<\/h2>\t\t<\/div>\n\t\t\t\t<\/div>\n\t\t\t\t<div class=\"elementor-element elementor-element-5b0a2669 elementor-widget elementor-widget-text-editor\" data-id=\"5b0a2669\" data-element_type=\"widget\" data-widget_type=\"text-editor.default\">\n\t\t\t\t<div class=\"elementor-widget-container\">\n\t\t\t\t\t\t\t<p>Aqui voc\u00ea encontra todas as informa\u00e7\u00f5es t\u00e9cnicas necess\u00e1rias a uma boa adequa\u00e7\u00e3o de seu evento. Estas informa\u00e7\u00f5es s\u00e3o referentes a lota\u00e7\u00e3o, Som e Luz. Clique na \u00e1rea abaixo que deseja obter maiores informa\u00e7\u00f5es.<\/p>\t\t\t\t\t\t<\/div>\n\t\t\t\t<\/div>\n\t\t\t\t<div class=\"elementor-element elementor-element-7d7fa852 elementor-widget elementor-widget-text-editor\" data-id=\"7d7fa852\" data-element_type=\"widget\" data-widget_type=\"text-editor.default\">\n\t\t\t\t<div class=\"elementor-widget-container\">\n\t\t\t\t\t\t\t<p><strong>Confira a Planta do Teatro<\/strong><\/p>\t\t\t\t\t\t<\/div>\n\t\t\t\t<\/div>\n\t\t\t\t<section class=\"elementor-section elementor-inner-section elementor-element elementor-element-58bc2859 elementor-section-boxed elementor-section-height-default elementor-section-height-default\" data-id=\"58bc2859\" data-element_type=\"section\" data-settings=\"{&quot;background_background&quot;:&quot;classic&quot;}\">\n\t\t\t\t\t\t<div class=\"elementor-container elementor-column-gap-default\">\n\t\t\t\t\t<div class=\"elementor-column elementor-col-100 elementor-inner-column elementor-element elementor-element-261c2d5f\" data-id=\"261c2d5f\" data-element_type=\"column\">\n\t\t\t<div class=\"elementor-widget-wrap elementor-element-populated\">\n\t\t\t\t\t\t\t\t<div class=\"elementor-element elementor-element-4c464745 elementor-widget elementor-widget-image-carousel\" data-id=\"4c464745\" data-element_type=\"widget\" data-settings=\"{&quot;slides_to_show&quot;:&quot;3&quot;,&quot;navigation&quot;:&quot;none&quot;,&quot;autoplay&quot;:&quot;yes&quot;,&quot;pause_on_hover&quot;:&quot;yes&quot;,&quot;pause_on_interaction&quot;:&quot;yes&quot;,&quot;autoplay_speed&quot;:5000,&quot;infinite&quot;:&quot;yes&quot;,&quot;speed&quot;:500}\" data-widget_type=\"image-carousel.default\">\n\t\t\t\t<div class=\"elementor-widget-container\">\n\t\t\t<style>\/*! elementor - v3.12.1 - 02-04-2023 *\/\n.elementor-widget-image-carousel .swiper,.elementor-widget-image-carousel .swiper-container{position:static}.elementor-widget-image-carousel .swiper-container .swiper-slide figure,.elementor-widget-image-carousel .swiper .swiper-slide figure{line-height:inherit}.elementor-widget-image-carousel .swiper-slide{text-align:center}.elementor-image-carousel-wrapper:not(.swiper-container-initialized) .swiper-slide,.elementor-image-carousel-wrapper:not(.swiper-initialized) .swiper-slide{max-width:calc(100% \/ var(--e-image-carousel-slides-to-show, 3))}<\/style>\t\t<div class=\"elementor-image-carousel-wrapper swiper\" dir=\"ltr\">\n\t\t\t<div class=\"elementor-image-carousel swiper-wrapper\">\n\t\t\t\t\t\t\t\t<div class=\"swiper-slide\"><a data-elementor-open-lightbox=\"yes\" data-elementor-lightbox-slideshow=\"4c464745\" data-elementor-lightbox-title=\"teatro-maua-2.jpg\" data-e-action-hash=\"#elementor-action%3Aaction%3Dlightbox%26settings%3DeyJpZCI6MjgwLCJ1cmwiOiJodHRwczpcL1wvbWF1YS5nMTIuYnJcL3NpdGVcL3dwLWNvbnRlbnRcL3VwbG9hZHNcLzIwMjNcLzA0XC90ZWF0cm8tbWF1YS0yLmpwZyIsInNsaWRlc2hvdyI6IjRjNDY0NzQ1In0%3D\" href=\"https:\/\/maua.g12.br\/site\/wp-content\/uploads\/2023\/04\/teatro-maua-2.jpg\"><figure class=\"swiper-slide-inner\"><img decoding=\"async\" class=\"swiper-slide-image\" src=\"https:\/\/maua.g12.br\/site\/wp-content\/uploads\/2023\/04\/teatro-maua-2-150x150.jpg\" alt=\"teatro-maua-2.jpg\" \/><\/figure><\/a><\/div><div class=\"swiper-slide\"><a data-elementor-open-lightbox=\"yes\" data-elementor-lightbox-slideshow=\"4c464745\" data-elementor-lightbox-title=\"teatro-maua-3.jpg\" data-e-action-hash=\"#elementor-action%3Aaction%3Dlightbox%26settings%3DeyJpZCI6MjgxLCJ1cmwiOiJodHRwczpcL1wvbWF1YS5nMTIuYnJcL3NpdGVcL3dwLWNvbnRlbnRcL3VwbG9hZHNcLzIwMjNcLzA0XC90ZWF0cm8tbWF1YS0zLmpwZyIsInNsaWRlc2hvdyI6IjRjNDY0NzQ1In0%3D\" href=\"https:\/\/maua.g12.br\/site\/wp-content\/uploads\/2023\/04\/teatro-maua-3.jpg\"><figure class=\"swiper-slide-inner\"><img decoding=\"async\" class=\"swiper-slide-image\" src=\"https:\/\/maua.g12.br\/site\/wp-content\/uploads\/2023\/04\/teatro-maua-3-150x150.jpg\" alt=\"teatro-maua-3.jpg\" \/><\/figure><\/a><\/div><div class=\"swiper-slide\"><a data-elementor-open-lightbox=\"yes\" data-elementor-lightbox-slideshow=\"4c464745\" data-elementor-lightbox-title=\"teatro-maua-1.jpg\" data-e-action-hash=\"#elementor-action%3Aaction%3Dlightbox%26settings%3DeyJpZCI6MjgyLCJ1cmwiOiJodHRwczpcL1wvbWF1YS5nMTIuYnJcL3NpdGVcL3dwLWNvbnRlbnRcL3VwbG9hZHNcLzIwMjNcLzA0XC90ZWF0cm8tbWF1YS0xLmpwZyIsInNsaWRlc2hvdyI6IjRjNDY0NzQ1In0%3D\" href=\"https:\/\/maua.g12.br\/site\/wp-content\/uploads\/2023\/04\/teatro-maua-1.jpg\"><figure class=\"swiper-slide-inner\"><img decoding=\"async\" class=\"swiper-slide-image\" src=\"https:\/\/maua.g12.br\/site\/wp-content\/uploads\/2023\/04\/teatro-maua-1-150x150.jpg\" alt=\"teatro-maua-1.jpg\" \/><\/figure><\/a><\/div>\t\t\t<\/div>\n\t\t\t\t\t\t\t\t\t\t\t\t\t\t\t\t<\/div>\n\t\t\t\t<\/div>\n\t\t\t\t<\/div>\n\t\t\t\t\t<\/div>\n\t\t<\/div>\n\t\t\t\t\t\t\t<\/div>\n\t\t<\/section>\n\t\t\t\t\t<\/div>\n\t\t<\/div>\n\t\t\t\t<div class=\"elementor-column elementor-col-50 elementor-top-column elementor-element elementor-element-76202c71\" data-id=\"76202c71\" data-element_type=\"column\">\n\t\t\t<div class=\"elementor-widget-wrap elementor-element-populated\">\n\t\t\t\t\t\t\t\t<div class=\"elementor-element elementor-element-5fa5f8ec ekit-equal-height-disable elementor-widget elementor-widget-elementskit-icon-box\" data-id=\"5fa5f8ec\" data-element_type=\"widget\" data-widget_type=\"elementskit-icon-box.default\">\n\t\t\t\t<div class=\"elementor-widget-container\">\n\t\t\t<div class=\"ekit-wid-con\" >        <!-- link opening -->\n                <!-- end link opening -->\n\n        <div class=\"elementskit-infobox text-left text- icon-lef-right-aligin elementor-animation-   \">\n                        <div class=\"box-body\">\n                            <div class=\"elementskit-info-box-title\">\n                    Lota\u00e7\u00e3o                <\/div>\n                        \t\t  <p>O Teatro possui uma lota\u00e7\u00e3o total de 711 lugares, distribuidos em dois ambientes, a pl\u00e1t\u00e9ia e o mesanino. Cada um destes ambientes possui 579 e 132 lugares respectivamente.<\/p>\n                                <\/div>\n        \n        \n                <\/div>\n        <\/div>\t\t<\/div>\n\t\t\t\t<\/div>\n\t\t\t\t<div class=\"elementor-element elementor-element-650f7f98 ekit-equal-height-disable elementor-widget elementor-widget-elementskit-icon-box\" data-id=\"650f7f98\" data-element_type=\"widget\" data-widget_type=\"elementskit-icon-box.default\">\n\t\t\t\t<div class=\"elementor-widget-container\">\n\t\t\t<div class=\"ekit-wid-con\" >        <!-- link opening -->\n                <!-- end link opening -->\n\n        <div class=\"elementskit-infobox text-left text- icon-lef-right-aligin elementor-animation-   \">\n                        <div class=\"box-body\">\n                            <div class=\"elementskit-info-box-title\">\n                    Palco e Coxias                <\/div>\n                        \t\t  <p>O palco do Teatro possui uma excelente estrutura, podendo-se destacar o seguinte:\n\n\u00c1rea Total do Palco: 110 m\u00b2, com piso de madeira. Dentro: 14 m de largura, 9 m de altura e 8,05 m de profundidade. Boca de Cena: 12 m de largura e 5,45 m de altura. Proscenio: 90 cm.<\/p>\n                                <\/div>\n        \n        \n                <\/div>\n        <\/div>\t\t<\/div>\n\t\t\t\t<\/div>\n\t\t\t\t<div class=\"elementor-element elementor-element-7c0e3880 ekit-equal-height-disable elementor-widget elementor-widget-elementskit-icon-box\" data-id=\"7c0e3880\" data-element_type=\"widget\" data-widget_type=\"elementskit-icon-box.default\">\n\t\t\t\t<div class=\"elementor-widget-container\">\n\t\t\t<div class=\"ekit-wid-con\" >        <!-- link opening -->\n                <!-- end link opening -->\n\n        <div class=\"elementskit-infobox text-left text- icon-lef-right-aligin elementor-animation-   \">\n                        <div class=\"box-body\">\n                            <div class=\"elementskit-info-box-title\">\n                    Corte AA                <\/div>\n                                            <\/div>\n        \n        \n                <\/div>\n        <\/div>\t\t<\/div>\n\t\t\t\t<\/div>\n\t\t\t\t\t<\/div>\n\t\t<\/div>\n\t\t\t\t\t\t\t<\/div>\n\t\t<\/section>\n\t\t\t\t\t\t\t<\/div>\n\t\t","protected":false},"excerpt":{"rendered":"<p>Desenvolvendo Talentos! Apresenta\u00e7\u00e3o O teatro do Col\u00e9gio Mau\u00e1 constitui-se como um dos mais modernos do Estado. Inaugurado em novembro de 2001, a sua constru\u00e7\u00e3o supriu a necessidade de um espa\u00e7o cultural junto \u00e0 escola, pois era desejado desde a transfer\u00eancia do Mau\u00e1, em 1981, do Centro para a \u00e1rea do Lar do Estudante. Sempre havia &#8230; <a title=\"Teatro Mau\u00e1\" class=\"read-more\" href=\"https:\/\/maua.g12.br\/site\/index.php\/teatro-maua\/\" aria-label=\"More on Teatro Mau\u00e1\">Ler mais<\/a><\/p>\n","protected":false},"author":1,"featured_media":0,"parent":0,"menu_order":0,"comment_status":"closed","ping_status":"closed","template":"elementor_header_footer","meta":{"footnotes":""},"class_list":["post-278","page","type-page","status-publish"],"_links":{"self":[{"href":"https:\/\/maua.g12.br\/site\/index.php\/wp-json\/wp\/v2\/pages\/278","targetHints":{"allow":["GET"]}}],"collection":[{"href":"https:\/\/maua.g12.br\/site\/index.php\/wp-json\/wp\/v2\/pages"}],"about":[{"href":"https:\/\/maua.g12.br\/site\/index.php\/wp-json\/wp\/v2\/types\/page"}],"author":[{"embeddable":true,"href":"https:\/\/maua.g12.br\/site\/index.php\/wp-json\/wp\/v2\/users\/1"}],"replies":[{"embeddable":true,"href":"https:\/\/maua.g12.br\/site\/index.php\/wp-json\/wp\/v2\/comments?post=278"}],"version-history":[{"count":18,"href":"https:\/\/maua.g12.br\/site\/index.php\/wp-json\/wp\/v2\/pages\/278\/revisions"}],"predecessor-version":[{"id":1483,"href":"https:\/\/maua.g12.br\/site\/index.php\/wp-json\/wp\/v2\/pages\/278\/revisions\/1483"}],"wp:attachment":[{"href":"https:\/\/maua.g12.br\/site\/index.php\/wp-json\/wp\/v2\/media?parent=278"}],"curies":[{"name":"wp","href":"https:\/\/api.w.org\/{rel}","templated":true}]}}