{"id":3,"date":"2023-04-10T21:12:33","date_gmt":"2023-04-10T21:12:33","guid":{"rendered":"https:\/\/maua.g12.br\/wordpress\/?page_id=3"},"modified":"2024-04-16T18:31:59","modified_gmt":"2024-04-16T18:31:59","slug":"politica-de-privacidade","status":"publish","type":"page","link":"https:\/\/maua.g12.br\/site\/index.php\/politica-de-privacidade\/","title":{"rendered":"Pol\u00edtica de Privacidade"},"content":{"rendered":"\t\t<div data-elementor-type=\"wp-page\" data-elementor-id=\"3\" class=\"elementor elementor-3\">\n\t\t\t\t\t\t\t\t\t<section class=\"elementor-section elementor-top-section elementor-element elementor-element-130ff5e9 elementor-section-boxed elementor-section-height-default elementor-section-height-default\" data-id=\"130ff5e9\" data-element_type=\"section\">\n\t\t\t\t\t\t<div class=\"elementor-container elementor-column-gap-default\">\n\t\t\t\t\t<div class=\"elementor-column elementor-col-100 elementor-top-column elementor-element elementor-element-446860f3\" data-id=\"446860f3\" data-element_type=\"column\">\n\t\t\t<div class=\"elementor-widget-wrap elementor-element-populated\">\n\t\t\t\t\t\t\t\t<div class=\"elementor-element elementor-element-71e23a7c elementor-widget elementor-widget-text-editor\" data-id=\"71e23a7c\" data-element_type=\"widget\" data-widget_type=\"text-editor.default\">\n\t\t\t\t<div class=\"elementor-widget-container\">\n\t\t\t<style>\/*! elementor - v3.12.1 - 02-04-2023 *\/\n.elementor-widget-text-editor.elementor-drop-cap-view-stacked .elementor-drop-cap{background-color:#69727d;color:#fff}.elementor-widget-text-editor.elementor-drop-cap-view-framed .elementor-drop-cap{color:#69727d;border:3px solid;background-color:transparent}.elementor-widget-text-editor:not(.elementor-drop-cap-view-default) .elementor-drop-cap{margin-top:8px}.elementor-widget-text-editor:not(.elementor-drop-cap-view-default) .elementor-drop-cap-letter{width:1em;height:1em}.elementor-widget-text-editor .elementor-drop-cap{float:left;text-align:center;line-height:1;font-size:50px}.elementor-widget-text-editor .elementor-drop-cap-letter{display:inline-block}<\/style>\t\t\t\t<h2>Pol\u00edtica de privacidade<\/h2><p>Atualiza\u00e7\u00e3o: 10 de fevereiro de 2021<\/p><p>A presente Pol\u00edtica de Privacidade e Prote\u00e7\u00e3o de Dados Pessoais tem por finalidade demonstrar o compromisso do Col\u00e9gio Mau\u00e1, com a prote\u00e7\u00e3o dos dados pessoais que coleta de seus alunos, respons\u00e1vel legal, respons\u00e1vel financeiro, respons\u00e1vel pedag\u00f3gico e visitantes (familiares e terceiros), esclarecendo as regras sobre a coleta, registro, armazenamento, uso, compartilhamento, enriquecimento e elimina\u00e7\u00e3o dos dados coletados, dentro do escopo dos servi\u00e7os prestados pelo Col\u00e9gio, de acordo com as leis em vigor, em especial a Lei 13.709\/2018 (\u201cLei Geral de Prote\u00e7\u00e3o de Dados Pessoais\u201d), com transpar\u00eancia e clareza. A integra da referida norma pode ser acessada no link abaixo.<\/p>\t\t\t\t\t\t<\/div>\n\t\t\t\t<\/div>\n\t\t\t\t<div class=\"elementor-element elementor-element-294e0e7 elementor-align-center elementor-widget elementor-widget-button\" data-id=\"294e0e7\" data-element_type=\"widget\" data-widget_type=\"button.default\">\n\t\t\t\t<div class=\"elementor-widget-container\">\n\t\t\t\t\t<div class=\"elementor-button-wrapper\">\n\t\t\t<a href=\"https:\/\/maua.g12.br\/site\/wp-content\/uploads\/2024\/04\/politica-privacidade-maua.pdf\" class=\"elementor-button-link elementor-button elementor-size-sm\" role=\"button\">\n\t\t\t\t\t\t<span class=\"elementor-button-content-wrapper\">\n\t\t\t\t\t\t<span class=\"elementor-button-text\">POL\u00cdTICA DE PRIVACIDADE<\/span>\n\t\t<\/span>\n\t\t\t\t\t<\/a>\n\t\t<\/div>\n\t\t\t\t<\/div>\n\t\t\t\t<\/div>\n\t\t\t\t<div class=\"elementor-element elementor-element-9229b2d elementor-widget elementor-widget-text-editor\" data-id=\"9229b2d\" data-element_type=\"widget\" data-widget_type=\"text-editor.default\">\n\t\t\t\t<div class=\"elementor-widget-container\">\n\t\t\t\t\t\t\t<h4>Canal de atendimento<\/h4><p>Em caso de qualquer d\u00favida com rela\u00e7\u00e3o \u00e0s disposi\u00e7\u00f5es constantes desta Pol\u00edtica, o Titular dos Dados ou o seu respons\u00e1vel legal poder\u00e1 entrar em contato com o nosso canal de atendimento.<\/p><p>Respons\u00e1vel: Valdomiro Dockhorn<\/p><p>E-mail: valdomiro.dockhorn@maua.g12.br<\/p><p>Telefone: (51) 3711 2144<\/p>\t\t\t\t\t\t<\/div>\n\t\t\t\t<\/div>\n\t\t\t\t\t<\/div>\n\t\t<\/div>\n\t\t\t\t\t\t\t<\/div>\n\t\t<\/section>\n\t\t\t\t\t\t\t<\/div>\n\t\t","protected":false},"excerpt":{"rendered":"<p>Pol\u00edtica de privacidade Atualiza\u00e7\u00e3o: 10 de fevereiro de 2021 A presente Pol\u00edtica de Privacidade e Prote\u00e7\u00e3o de Dados Pessoais tem por finalidade demonstrar o compromisso do Col\u00e9gio Mau\u00e1, com a prote\u00e7\u00e3o dos dados pessoais que coleta de seus alunos, respons\u00e1vel legal, respons\u00e1vel financeiro, respons\u00e1vel pedag\u00f3gico e visitantes (familiares e terceiros), esclarecendo as regras sobre a &#8230; <a title=\"Pol\u00edtica de Privacidade\" class=\"read-more\" href=\"https:\/\/maua.g12.br\/site\/index.php\/politica-de-privacidade\/\" aria-label=\"More on Pol\u00edtica de Privacidade\">Ler mais<\/a><\/p>\n","protected":false},"author":1,"featured_media":0,"parent":0,"menu_order":0,"comment_status":"closed","ping_status":"closed","template":"elementor_header_footer","meta":{"footnotes":""},"class_list":["post-3","page","type-page","status-publish"],"_links":{"self":[{"href":"https:\/\/maua.g12.br\/site\/index.php\/wp-json\/wp\/v2\/pages\/3","targetHints":{"allow":["GET"]}}],"collection":[{"href":"https:\/\/maua.g12.br\/site\/index.php\/wp-json\/wp\/v2\/pages"}],"about":[{"href":"https:\/\/maua.g12.br\/site\/index.php\/wp-json\/wp\/v2\/types\/page"}],"author":[{"embeddable":true,"href":"https:\/\/maua.g12.br\/site\/index.php\/wp-json\/wp\/v2\/users\/1"}],"replies":[{"embeddable":true,"href":"https:\/\/maua.g12.br\/site\/index.php\/wp-json\/wp\/v2\/comments?post=3"}],"version-history":[{"count":3,"href":"https:\/\/maua.g12.br\/site\/index.php\/wp-json\/wp\/v2\/pages\/3\/revisions"}],"predecessor-version":[{"id":1524,"href":"https:\/\/maua.g12.br\/site\/index.php\/wp-json\/wp\/v2\/pages\/3\/revisions\/1524"}],"wp:attachment":[{"href":"https:\/\/maua.g12.br\/site\/index.php\/wp-json\/wp\/v2\/media?parent=3"}],"curies":[{"name":"wp","href":"https:\/\/api.w.org\/{rel}","templated":true}]}}