{"id":3733,"date":"2025-02-28T11:42:43","date_gmt":"2025-02-28T11:42:43","guid":{"rendered":"https:\/\/maua.g12.br\/site\/?page_id=3733"},"modified":"2025-02-28T11:46:38","modified_gmt":"2025-02-28T11:46:38","slug":"projetos-sociais","status":"publish","type":"page","link":"https:\/\/maua.g12.br\/site\/index.php\/projetos-sociais\/","title":{"rendered":"Projetos Sociais"},"content":{"rendered":"\t\t<div data-elementor-type=\"wp-page\" data-elementor-id=\"3733\" class=\"elementor elementor-3733\">\n\t\t\t\t\t\t\t\t\t<section class=\"elementor-section elementor-top-section elementor-element elementor-element-49abe4d6 elementor-section-content-middle elementor-section-boxed elementor-section-height-default elementor-section-height-default\" data-id=\"49abe4d6\" data-element_type=\"section\" data-settings=\"{&quot;background_background&quot;:&quot;classic&quot;}\">\n\t\t\t\t\t\t\t<div class=\"elementor-background-overlay\"><\/div>\n\t\t\t\t\t\t\t<div class=\"elementor-container elementor-column-gap-default\">\n\t\t\t\t\t<div class=\"elementor-column elementor-col-100 elementor-top-column elementor-element elementor-element-558376ba\" data-id=\"558376ba\" data-element_type=\"column\">\n\t\t\t<div class=\"elementor-widget-wrap elementor-element-populated\">\n\t\t\t\t\t\t\t\t<div class=\"elementor-element elementor-element-4e5ed6d6 elementor-widget elementor-widget-heading\" data-id=\"4e5ed6d6\" data-element_type=\"widget\" data-widget_type=\"heading.default\">\n\t\t\t\t<div class=\"elementor-widget-container\">\n\t\t\t<style>\/*! elementor - v3.12.1 - 02-04-2023 *\/\n.elementor-heading-title{padding:0;margin:0;line-height:1}.elementor-widget-heading .elementor-heading-title[class*=elementor-size-]>a{color:inherit;font-size:inherit;line-height:inherit}.elementor-widget-heading .elementor-heading-title.elementor-size-small{font-size:15px}.elementor-widget-heading .elementor-heading-title.elementor-size-medium{font-size:19px}.elementor-widget-heading .elementor-heading-title.elementor-size-large{font-size:29px}.elementor-widget-heading .elementor-heading-title.elementor-size-xl{font-size:39px}.elementor-widget-heading .elementor-heading-title.elementor-size-xxl{font-size:59px}<\/style><h1 class=\"elementor-heading-title elementor-size-default\">Projetos Sociais<\/h1>\t\t<\/div>\n\t\t\t\t<\/div>\n\t\t\t\t\t<\/div>\n\t\t<\/div>\n\t\t\t\t\t\t\t<\/div>\n\t\t<\/section>\n\t\t\t\t<section class=\"elementor-section elementor-top-section elementor-element elementor-element-1e6c9f0d elementor-section-boxed elementor-section-height-default elementor-section-height-default\" data-id=\"1e6c9f0d\" data-element_type=\"section\" data-settings=\"{&quot;background_background&quot;:&quot;classic&quot;}\">\n\t\t\t\t\t\t\t<div class=\"elementor-background-overlay\"><\/div>\n\t\t\t\t\t\t\t<div class=\"elementor-container elementor-column-gap-default\">\n\t\t\t\t\t<div class=\"elementor-column elementor-col-100 elementor-top-column elementor-element elementor-element-4e61fa5\" data-id=\"4e61fa5\" data-element_type=\"column\">\n\t\t\t<div class=\"elementor-widget-wrap\">\n\t\t\t\t\t\t\t\t\t<\/div>\n\t\t<\/div>\n\t\t\t\t\t\t\t<\/div>\n\t\t<\/section>\n\t\t\t\t<section class=\"elementor-section elementor-top-section elementor-element elementor-element-6f1c04f elementor-section-boxed elementor-section-height-default elementor-section-height-default\" data-id=\"6f1c04f\" data-element_type=\"section\">\n\t\t\t\t\t\t<div class=\"elementor-container elementor-column-gap-default\">\n\t\t\t\t\t<div class=\"elementor-column elementor-col-66 elementor-top-column elementor-element elementor-element-d0afd74\" data-id=\"d0afd74\" data-element_type=\"column\">\n\t\t\t<div class=\"elementor-widget-wrap elementor-element-populated\">\n\t\t\t\t\t\t\t\t<div class=\"elementor-element elementor-element-c805d2d elementor-widget elementor-widget-text-editor\" data-id=\"c805d2d\" data-element_type=\"widget\" data-widget_type=\"text-editor.default\">\n\t\t\t\t<div class=\"elementor-widget-container\">\n\t\t\t<style>\/*! elementor - v3.12.1 - 02-04-2023 *\/\n.elementor-widget-text-editor.elementor-drop-cap-view-stacked .elementor-drop-cap{background-color:#69727d;color:#fff}.elementor-widget-text-editor.elementor-drop-cap-view-framed .elementor-drop-cap{color:#69727d;border:3px solid;background-color:transparent}.elementor-widget-text-editor:not(.elementor-drop-cap-view-default) .elementor-drop-cap{margin-top:8px}.elementor-widget-text-editor:not(.elementor-drop-cap-view-default) .elementor-drop-cap-letter{width:1em;height:1em}.elementor-widget-text-editor .elementor-drop-cap{float:left;text-align:center;line-height:1;font-size:50px}.elementor-widget-text-editor .elementor-drop-cap-letter{display:inline-block}<\/style>\t\t\t\t<h4><strong>PROJETO LIVRO FORA DA ESTANTE-VOLANTE<\/strong><\/h4><div><strong>\u00a0<\/strong><\/div><h4><span style=\"color: var( --e-global-color-text ); font-family: var( --e-global-typography-text-font-family ), Sans-serif; font-weight: var( --e-global-typography-text-font-weight ); background-color: var(--base-2); font-size: var( --e-global-typography-b2ce6af-font-size ); letter-spacing: var( --e-global-typography-b2ce6af-letter-spacing ); word-spacing: var( --e-global-typography-b2ce6af-word-spacing );\">Em cumprimento da Lei Federal n\u00ba. 13.019\/2014 (Marco Regulat\u00f3rio das Organiza\u00e7\u00f5es da Sociedade Civil) Recurso XIX<br \/>Objeto da Parceria: Custear e proporcionar materiais e servi\u00e7os necess\u00e1rios para assegurar o atendimento as crian\u00e7as, adolescente e fam\u00edlias em situa\u00e7\u00e3o de vulnerabilidade.<br \/>Sociedade Escolar de Santa Cruz<br \/>CNPJ: 95431284000187<br \/>Termo N\u00ba.073\/PGM\/2024<br \/>Nome do projeto: PROJETO LIVRO FORA DA ESTANTE-VOLANTE<br \/>Data da assinatura: 16\/09\/2024<br \/>Valor: R$ 24.000.00<br \/>Vig\u00eancia: 15\/09\/25<br \/>Presta\u00e7\u00e3o de contas at\u00e9 :15\/12\/2025<\/span><\/h4>\t\t\t\t\t\t<\/div>\n\t\t\t\t<\/div>\n\t\t\t\t\t<\/div>\n\t\t<\/div>\n\t\t\t\t<div class=\"elementor-column elementor-col-33 elementor-top-column elementor-element elementor-element-6539420\" data-id=\"6539420\" data-element_type=\"column\">\n\t\t\t<div class=\"elementor-widget-wrap elementor-element-populated\">\n\t\t\t\t\t\t\t\t<div class=\"elementor-element elementor-element-9985ef0 elementor-widget elementor-widget-image\" data-id=\"9985ef0\" data-element_type=\"widget\" data-widget_type=\"image.default\">\n\t\t\t\t<div class=\"elementor-widget-container\">\n\t\t\t<style>\/*! elementor - v3.12.1 - 02-04-2023 *\/\n.elementor-widget-image{text-align:center}.elementor-widget-image a{display:inline-block}.elementor-widget-image a img[src$=\".svg\"]{width:48px}.elementor-widget-image img{vertical-align:middle;display:inline-block}<\/style>\t\t\t\t\t\t\t\t\t\t\t\t<img decoding=\"async\" width=\"300\" height=\"252\" src=\"https:\/\/maua.g12.br\/site\/wp-content\/uploads\/2025\/02\/projeto_livro_fundo-Transparente-300x252.png\" class=\"attachment-medium size-medium wp-image-3321\" alt=\"\" srcset=\"https:\/\/maua.g12.br\/site\/wp-content\/uploads\/2025\/02\/projeto_livro_fundo-Transparente-300x252.png 300w, https:\/\/maua.g12.br\/site\/wp-content\/uploads\/2025\/02\/projeto_livro_fundo-Transparente-1024x860.png 1024w, https:\/\/maua.g12.br\/site\/wp-content\/uploads\/2025\/02\/projeto_livro_fundo-Transparente-768x645.png 768w, https:\/\/maua.g12.br\/site\/wp-content\/uploads\/2025\/02\/projeto_livro_fundo-Transparente-1536x1290.png 1536w, https:\/\/maua.g12.br\/site\/wp-content\/uploads\/2025\/02\/projeto_livro_fundo-Transparente-2048x1720.png 2048w\" sizes=\"(max-width: 300px) 100vw, 300px\" \/>\t\t\t\t\t\t\t\t\t\t\t\t\t\t\t<\/div>\n\t\t\t\t<\/div>\n\t\t\t\t\t<\/div>\n\t\t<\/div>\n\t\t\t\t\t\t\t<\/div>\n\t\t<\/section>\n\t\t\t\t\t\t\t<\/div>\n\t\t","protected":false},"excerpt":{"rendered":"<p>PROJETO LIVRO FORA DA ESTANTE-VOLANTE \u00a0 Em cumprimento da Lei Federal n\u00ba. 13.019\/2014 (Marco Regulat\u00f3rio das Organiza\u00e7\u00f5es da Sociedade Civil) Recurso XIXObjeto da Parceria: Custear e proporcionar materiais e servi\u00e7os necess\u00e1rios para assegurar o atendimento as crian\u00e7as, adolescente e fam\u00edlias em situa\u00e7\u00e3o de vulnerabilidade.Sociedade Escolar de Santa CruzCNPJ: 95431284000187Termo N\u00ba.073\/PGM\/2024Nome do projeto: PROJETO LIVRO FORA &#8230; <a title=\"Projetos Sociais\" class=\"read-more\" href=\"https:\/\/maua.g12.br\/site\/index.php\/projetos-sociais\/\" aria-label=\"More on Projetos Sociais\">Ler mais<\/a><\/p>\n","protected":false},"author":1,"featured_media":0,"parent":0,"menu_order":0,"comment_status":"closed","ping_status":"closed","template":"elementor_header_footer","meta":{"footnotes":""},"class_list":["post-3733","page","type-page","status-publish"],"_links":{"self":[{"href":"https:\/\/maua.g12.br\/site\/index.php\/wp-json\/wp\/v2\/pages\/3733","targetHints":{"allow":["GET"]}}],"collection":[{"href":"https:\/\/maua.g12.br\/site\/index.php\/wp-json\/wp\/v2\/pages"}],"about":[{"href":"https:\/\/maua.g12.br\/site\/index.php\/wp-json\/wp\/v2\/types\/page"}],"author":[{"embeddable":true,"href":"https:\/\/maua.g12.br\/site\/index.php\/wp-json\/wp\/v2\/users\/1"}],"replies":[{"embeddable":true,"href":"https:\/\/maua.g12.br\/site\/index.php\/wp-json\/wp\/v2\/comments?post=3733"}],"version-history":[{"count":5,"href":"https:\/\/maua.g12.br\/site\/index.php\/wp-json\/wp\/v2\/pages\/3733\/revisions"}],"predecessor-version":[{"id":3739,"href":"https:\/\/maua.g12.br\/site\/index.php\/wp-json\/wp\/v2\/pages\/3733\/revisions\/3739"}],"wp:attachment":[{"href":"https:\/\/maua.g12.br\/site\/index.php\/wp-json\/wp\/v2\/media?parent=3733"}],"curies":[{"name":"wp","href":"https:\/\/api.w.org\/{rel}","templated":true}]}}